{"id":7880,"date":"2019-08-05T12:15:07","date_gmt":"2019-08-05T15:15:07","guid":{"rendered":"https:\/\/iaavim.com\/?page_id=7880"},"modified":"2022-06-30T12:06:54","modified_gmt":"2022-06-30T15:06:54","slug":"edc","status":"publish","type":"page","link":"https:\/\/www.iaavim.gob.ar\/?page_id=7880","title":{"rendered":"Exhibici\u00f3n, Distribuci\u00f3n y Comercializaci\u00f3n"},"content":{"rendered":"\n<p>El final de una pel\u00edcula no es cuando se termina de filmar sino cuando se encuentra con las audiencias en la pantalla: en una sala, plataforma, espacios culturales, en la televisi\u00f3n, entre otras tantas opciones.&nbsp;<\/p>\n\n\n\n<p>El cine nos permite emocionarnos, pensar, imaginar, re\u00edrnos y tambi\u00e9n reconocernos. Tiene la potencialidad de abrirnos las puertas hacia otras culturas y, a su vez, fortalecer nuestra identidad.&nbsp;<\/p>\n\n\n\n<p>A partir de la creaci\u00f3n del IAAviM, se dio impulso a las estrategias de exhibici\u00f3n y distribuci\u00f3n para acercar al p\u00fablico misionero contenidos audiovisuales de realizadoras y realizadores locales y de la regi\u00f3n. De esta manera, se puso en marcha un Circuito de Pantallas que ofrece diversas ventanas de visualizaci\u00f3n que abarca la proyecci\u00f3n en Salas IAAviM, canales de televisi\u00f3n, cine m\u00f3vil, cine a bordo y cine on-line.&nbsp;<\/p>\n\n\n\n<p>Este programa, desarrollado por la Gerencia de Exhibici\u00f3n, Distribuci\u00f3n y Comercializaci\u00f3n, posibilit\u00f3 en este tiempo afianzar la llegada de producciones misioneras al p\u00fablico local y su valoraci\u00f3n. Tambi\u00e9n la gesti\u00f3n de estrenos en cines comerciales y salas asociadas, con la presencia de sus protagonistas, contribuy\u00f3 fundamentalmente a la ampliaci\u00f3n de las audiencias y el inter\u00e9s por nuestro cine.<\/p>\n\n\n\n<p><\/p>\n\n\n\n<p>Acciones de la Gerencia<\/p>\n\n\n\n<ul class=\"wp-block-list\"><li><strong>Circuito de Pantallas<\/strong>: Cine en Salas IAAviM, Cine M\u00f3vil, Cine en TV, Cine a Bordo<\/li><li>Avant Premi\u00e8re y estrenos comerciales<\/li><li>Estrenos simult\u00e1neos y charlas con protagonistas<\/li><li>Ciclos de Cine: en Museos Casa Horacio Quiroga y Andr\u00e9s Guacurar\u00ed y Ciclo de Cine para Adultos Mayores, Cine Pueblos Originarios<\/li><li>Acompa\u00f1amiento a festivales misioneros: Ober\u00e1 en Cortos, 3 Margens Festival Latinoamericano de Cine, Festival Audiovisual El Parque Paraguayo, Movimiento en Foco, Multiversos Festival de Animaci\u00f3n y Videojuegos, entre otros<\/li><\/ul>\n\n\n\n<p><\/p>\n\n\n\n<p><strong>Mir\u00e1 IAAviM Online<\/strong><\/p>\n\n\n\n<p>Proyecto de web multiplataforma p\u00fablica y gratuita de video bajo demanda (VOD), que ofrecer\u00e1 un cat\u00e1logo de contenidos de cine misionero y regional.<\/p>\n\n\n\n<p>Se podr\u00e1n ver estrenos comerciales y muestras especiales de producciones que cuentan con apoyo del IAAviM. Adem\u00e1s, disfrutar de obras seleccionadas de los festivales que tienen lugar en la provincia.<\/p>\n\n\n\n<div style=\"height:34px\" aria-hidden=\"true\" class=\"wp-block-spacer\"><\/div>\n\n\n\n<div class=\"wp-block-columns is-layout-flex wp-container-core-columns-is-layout-9d6595d7 wp-block-columns-is-layout-flex\">\n<div class=\"wp-block-column is-layout-flow wp-block-column-is-layout-flow\">\n<figure class=\"wp-block-embed is-type-video is-provider-youtube wp-block-embed-youtube wp-embed-aspect-16-9 wp-has-aspect-ratio\"><div class=\"wp-block-embed__wrapper\">\n<iframe loading=\"lazy\"  id=\"_ytid_34366\"  width=\"480\" height=\"270\"  data-origwidth=\"480\" data-origheight=\"270\" src=\"https:\/\/www.youtube.com\/embed\/wM7legH25KQ?enablejsapi=1&#038;autoplay=0&#038;cc_load_policy=0&#038;cc_lang_pref=&#038;iv_load_policy=1&#038;loop=0&#038;rel=0&#038;fs=1&#038;playsinline=0&#038;autohide=2&#038;hl=es_AR&#038;theme=dark&#038;color=red&#038;controls=1&#038;disablekb=0&#038;\" class=\"__youtube_prefs__  epyt-is-override  no-lazyload\" title=\"YouTube player\"  allow=\"fullscreen; accelerometer; autoplay; clipboard-write; encrypted-media; gyroscope; picture-in-picture; web-share\" referrerpolicy=\"strict-origin-when-cross-origin\" allowfullscreen data-no-lazy=\"1\" data-skipgform_ajax_framebjll=\"\"><\/iframe>\n<\/div><\/figure>\n<\/div>\n\n\n\n<div class=\"wp-block-column is-layout-flow wp-block-column-is-layout-flow\">\n<figure class=\"wp-block-embed is-type-video is-provider-youtube wp-block-embed-youtube wp-embed-aspect-16-9 wp-has-aspect-ratio\"><div class=\"wp-block-embed__wrapper\">\n<iframe loading=\"lazy\"  id=\"_ytid_93681\"  width=\"480\" height=\"270\"  data-origwidth=\"480\" data-origheight=\"270\" src=\"https:\/\/www.youtube.com\/embed\/MUaxEWQqCcI?enablejsapi=1&#038;autoplay=0&#038;cc_load_policy=0&#038;cc_lang_pref=&#038;iv_load_policy=1&#038;loop=0&#038;rel=0&#038;fs=1&#038;playsinline=0&#038;autohide=2&#038;hl=es_AR&#038;theme=dark&#038;color=red&#038;controls=1&#038;disablekb=0&#038;\" class=\"__youtube_prefs__  epyt-is-override  no-lazyload\" title=\"YouTube player\"  allow=\"fullscreen; accelerometer; autoplay; clipboard-write; encrypted-media; gyroscope; picture-in-picture; web-share\" referrerpolicy=\"strict-origin-when-cross-origin\" allowfullscreen data-no-lazy=\"1\" data-skipgform_ajax_framebjll=\"\"><\/iframe>\n<\/div><\/figure>\n<\/div>\n\n\n\n<div class=\"wp-block-column is-layout-flow wp-block-column-is-layout-flow\">\n<figure class=\"wp-block-embed is-type-video is-provider-youtube wp-block-embed-youtube wp-embed-aspect-16-9 wp-has-aspect-ratio\"><div class=\"wp-block-embed__wrapper\">\n<iframe loading=\"lazy\"  id=\"_ytid_47715\"  width=\"480\" height=\"270\"  data-origwidth=\"480\" data-origheight=\"270\" src=\"https:\/\/www.youtube.com\/embed\/Bv2v2Z1DI-s?enablejsapi=1&#038;autoplay=0&#038;cc_load_policy=0&#038;cc_lang_pref=&#038;iv_load_policy=1&#038;loop=0&#038;rel=0&#038;fs=1&#038;playsinline=0&#038;autohide=2&#038;hl=es_AR&#038;theme=dark&#038;color=red&#038;controls=1&#038;disablekb=0&#038;\" class=\"__youtube_prefs__  epyt-is-override  no-lazyload\" title=\"YouTube player\"  allow=\"fullscreen; accelerometer; autoplay; clipboard-write; encrypted-media; gyroscope; picture-in-picture; web-share\" referrerpolicy=\"strict-origin-when-cross-origin\" allowfullscreen data-no-lazy=\"1\" data-skipgform_ajax_framebjll=\"\"><\/iframe>\n<\/div><\/figure>\n<\/div>\n<\/div>\n\n\n\n<div style=\"height:33px\" aria-hidden=\"true\" class=\"wp-block-spacer\"><\/div>\n\n\n\n<hr class=\"wp-block-separator\"\/>\n\n\n\n<h3 class=\"wp-block-heading\"><strong>Circuito de Pantallas<\/strong><\/h3>\n\n\n\n<p>Mir\u00e1 IAAviM es el nombre del Circuito de Pantallas coordinado y ejecutado a trav\u00e9s de la Gerencia de Exhibici\u00f3n, Distribuci\u00f3n y Comercializaci\u00f3n, que funciona como una red provincial de exhibici\u00f3n audiovisual a partir de cuatro modalidades:\u00a0<\/p>\n\n\n\n<p><\/p>\n\n\n\n<p><strong>Cine en Salas<\/strong><br>Funciones semanales con programaci\u00f3n ofrecida por el IAAviM, en una red de salas asociadas a municipios, espacios y entidades culturales, distribuidas a lo largo de la provincia. En las <strong>Salas IAAviM<\/strong> se exhiben de manera gratuita pel\u00edculas para p\u00fablico infantil y adultos, promoviendo principalmente la experiencia colectiva de ver cine.<\/p>\n\n\n\n<p>Tambi\u00e9n existen en la provincia <strong>Espacios INCAA<\/strong>: en Ober\u00e1, en el Cine Teatro de la ciudad, con programaci\u00f3n del Instituto Nacional y con funciones comerciales; en Posadas, en el Parque del Conocimiento (programaci\u00f3n INCAA, funciones gratuitas) y en Puerto Iguaz\u00fa, en el ITUREM (programaci\u00f3n del IAAviM, funciones gratuitas).<\/p>\n\n\n\n<p><\/p>\n\n\n\n<p><strong>Cine en TV<\/strong><br>Los ciclos Ober\u00e1 en Cortos TV y Cine Regional, pensados para la televisi\u00f3n misionera, acercan una programaci\u00f3n destacada que incluye cortometrajes que participaron del Festival Internacional \u201cOber\u00e1 en Cortos\u201d y largometrajes de directores nacionales y de la regi\u00f3n. Los ciclos son producidos por el equipo de Circuito de Pantallas del IAAviM, con el apoyo del Consejo Federal de Inversiones, el Laboratorio Guayr\u00e1 y UNaM Transmedia.\u00a0<\/p>\n\n\n\n<p>La propuesta de Cine en TV se asienta principalmente en que el p\u00fablico misionero pueda conocer las producciones locales, de las provincias del NEA (Noreste argentino) y la regi\u00f3n fronteriza con Brasil y Paraguay; descubrir un cine con historias m\u00e1s cercanas en el que se puedan identificar y tambi\u00e9n disfrutar de ficciones.<\/p>\n\n\n\n<p>Ver canales y programaci\u00f3n del \u00faltimo ciclo emitido:<br>* <a href=\"https:\/\/iaavim.misiones.gob.ar\/programacion-cine-en-tv\/\">https:\/\/iaavim.misiones.gob.ar\/programacion-cine-en-tv\/<\/a><\/p>\n\n\n\n<p><\/p>\n\n\n\n<p><strong>Cine M\u00f3vil<\/strong><br>Con el Cine M\u00f3vil ver pel\u00edculas y cortometrajes en pantalla gigante se vuelve realidad. Llegar a colonias, picadas y localidades de toda la provincia, forma parte del programa que impulsa el Instituto Nacional de Cine y Artes Audiovisuales (INCAA), y en Misiones es coordinado por el IAAviM.<\/p>\n\n\n\n<p>El servicio que ofrece el Cine M\u00f3vil en todo el pa\u00eds, posibilita que personas que no acceden a una sala de cine puedan vivir la experiencia cinematogr\u00e1fica y encontrarse con las historias del cine nacional.&nbsp;<\/p>\n\n\n\n<p>Todas las organizaciones interesadas en solicitar proyecciones del Cine M\u00f3vil deber\u00e1n enviar un correo electr\u00f3nico a <strong>mesadeentrada@iaavim.misiones.gob.ar<\/strong> con el asunto \u201cSolicitud Cine M\u00f3vil\u201d, con un mes de anticipaci\u00f3n, siendo \u00e9sta la \u00fanica v\u00eda para formalizar el pedido. Una vez recibida la solicitud, se contactar\u00e1n desde la Gerencia de Exhibici\u00f3n, Distribuci\u00f3n y Comercializaci\u00f3n para coordinar la proyecci\u00f3n.&nbsp;<\/p>\n\n\n\n<p><\/p>\n\n\n\n<p><strong>Cine a Bordo\u00a0<\/strong><br>A partir del 2018, contenidos de directoras y directores misioneros y de la regi\u00f3n estuvieron accesibles a trav\u00e9s de pantallas individuales de los servicios \u201cplatinum\u201d y \u201ccama total\u201d de Expreso Singer. Una estrateg\u00eda que permiti\u00f3 acercar producciones regionales a diferentes pasajeros del pa\u00eds, ampliando las ventanas de exhibici\u00f3n.<\/p>\n\n\n\n<div style=\"height:100px\" aria-hidden=\"true\" class=\"wp-block-spacer\"><\/div>\n\n\n\n<div class=\"wp-block-columns is-layout-flex wp-container-core-columns-is-layout-9d6595d7 wp-block-columns-is-layout-flex\">\n<div class=\"wp-block-column is-layout-flow wp-block-column-is-layout-flow\">\n<figure class=\"wp-block-embed is-type-wp-embed is-provider-instituto-de-artes-audiovisuales-de-misiones wp-block-embed-instituto-de-artes-audiovisuales-de-misiones\"><div class=\"wp-block-embed__wrapper\">\nhttps:\/\/iaavim.misiones.gob.ar\/inicia-el-ciclo-de-cine-nacional-en-salas-iaavim-con-la-odisea-de-los-giles\/\n<\/div><\/figure>\n<\/div>\n\n\n\n<div class=\"wp-block-column is-layout-flow wp-block-column-is-layout-flow\">\n<figure class=\"wp-block-embed is-type-wp-embed is-provider-instituto-de-artes-audiovisuales-de-misiones wp-block-embed-instituto-de-artes-audiovisuales-de-misiones\"><div class=\"wp-block-embed__wrapper\">\nhttps:\/\/iaavim.misiones.gob.ar\/con-la-pelicula-el-ultimo-traje-se-renueva-la-cartelera-de-las-salas-iaavim\/\n<\/div><\/figure>\n<\/div>\n<\/div>\n","protected":false},"excerpt":{"rendered":"<p>El final de una pel\u00edcula no es cuando se termina de filmar sino cuando se encuentra con las audiencias en la pantalla: en una sala, plataforma, espacios culturales, en la televisi\u00f3n, entre otras tantas opciones.&nbsp; El cine nos permite emocionarnos, pensar, imaginar, re\u00edrnos y tambi\u00e9n reconocernos. Tiene la potencialidad de abrirnos las puertas hacia otras &hellip;<\/p>\n","protected":false},"author":1,"featured_media":0,"parent":7598,"menu_order":0,"comment_status":"closed","ping_status":"closed","template":"","meta":{"_acf_changed":false,"footnotes":""},"tags":[],"class_list":["post-7880","page","type-page","status-publish","hentry"],"acf":[],"yoast_head":"<!-- This site is optimized with the Yoast SEO plugin v25.8 - https:\/\/yoast.com\/wordpress\/plugins\/seo\/ -->\n<title>Exhibici\u00f3n, Distribuci\u00f3n y Comercializaci\u00f3n -<\/title>\n<meta name=\"description\" content=\"La Gerencia de Exhibici\u00f3n, Distribuci\u00f3n y Comercializaci\u00f3n desarrolla estrategias para acercar el mejor cine misionero, regional y nacional\" \/>\n<meta name=\"robots\" content=\"index, follow, max-snippet:-1, max-image-preview:large, max-video-preview:-1\" \/>\n<link rel=\"canonical\" href=\"https:\/\/www.iaavim.gob.ar\/?page_id=7880\" \/>\n<meta property=\"og:locale\" content=\"es_ES\" \/>\n<meta property=\"og:type\" content=\"article\" \/>\n<meta property=\"og:title\" content=\"Exhibici\u00f3n, Distribuci\u00f3n y Comercializaci\u00f3n -\" \/>\n<meta property=\"og:description\" content=\"La Gerencia de Exhibici\u00f3n, Distribuci\u00f3n y Comercializaci\u00f3n desarrolla estrategias para acercar el mejor cine misionero, regional y nacional\" \/>\n<meta property=\"og:url\" content=\"https:\/\/www.iaavim.gob.ar\/?page_id=7880\" \/>\n<meta property=\"article:modified_time\" content=\"2022-06-30T15:06:54+00:00\" \/>\n<meta name=\"twitter:card\" content=\"summary_large_image\" \/>\n<meta name=\"twitter:label1\" content=\"Tiempo de lectura\" \/>\n\t<meta name=\"twitter:data1\" content=\"4 minutos\" \/>\n<script type=\"application\/ld+json\" class=\"yoast-schema-graph\">{\"@context\":\"https:\/\/schema.org\",\"@graph\":[{\"@type\":\"WebPage\",\"@id\":\"https:\/\/www.iaavim.gob.ar\/?page_id=7880\",\"url\":\"https:\/\/www.iaavim.gob.ar\/?page_id=7880\",\"name\":\"Exhibici\u00f3n, Distribuci\u00f3n y Comercializaci\u00f3n -\",\"isPartOf\":{\"@id\":\"\/#website\"},\"datePublished\":\"2019-08-05T15:15:07+00:00\",\"dateModified\":\"2022-06-30T15:06:54+00:00\",\"description\":\"La Gerencia de Exhibici\u00f3n, Distribuci\u00f3n y Comercializaci\u00f3n desarrolla estrategias para acercar el mejor cine misionero, regional y nacional\",\"breadcrumb\":{\"@id\":\"https:\/\/www.iaavim.gob.ar\/?page_id=7880#breadcrumb\"},\"inLanguage\":\"es-AR\",\"potentialAction\":[{\"@type\":\"ReadAction\",\"target\":[\"https:\/\/www.iaavim.gob.ar\/?page_id=7880\"]}]},{\"@type\":\"BreadcrumbList\",\"@id\":\"https:\/\/www.iaavim.gob.ar\/?page_id=7880#breadcrumb\",\"itemListElement\":[{\"@type\":\"ListItem\",\"position\":1,\"name\":\"Inicio\",\"item\":\"https:\/\/www.iaavim.gob.ar\/\"},{\"@type\":\"ListItem\",\"position\":2,\"name\":\"Exhibici\u00f3n, Distribuci\u00f3n y Comercializaci\u00f3n\",\"item\":\"https:\/\/www.iaavim.gob.ar\/?page_id=7598\"},{\"@type\":\"ListItem\",\"position\":3,\"name\":\"Exhibici\u00f3n, Distribuci\u00f3n y Comercializaci\u00f3n\"}]},{\"@type\":\"WebSite\",\"@id\":\"\/#website\",\"url\":\"\/\",\"name\":\"\",\"description\":\"Sitio oficial del IAAviM\",\"publisher\":{\"@id\":\"\/#organization\"},\"potentialAction\":[{\"@type\":\"SearchAction\",\"target\":{\"@type\":\"EntryPoint\",\"urlTemplate\":\"\/?s={search_term_string}\"},\"query-input\":{\"@type\":\"PropertyValueSpecification\",\"valueRequired\":true,\"valueName\":\"search_term_string\"}}],\"inLanguage\":\"es-AR\"},{\"@type\":\"Organization\",\"@id\":\"\/#organization\",\"name\":\"Instituto de Artes Audiovisuales de Misiones\",\"url\":\"\/\",\"logo\":{\"@type\":\"ImageObject\",\"inLanguage\":\"es-AR\",\"@id\":\"\/#\/schema\/logo\/image\/\",\"url\":\"https:\/\/iaavim.misiones.gob.ar\/wp-content\/uploads\/2021\/07\/logo-iaavim-preview.png.jpg\",\"contentUrl\":\"https:\/\/iaavim.misiones.gob.ar\/wp-content\/uploads\/2021\/07\/logo-iaavim-preview.png.jpg\",\"width\":1200,\"height\":675,\"caption\":\"Instituto de Artes Audiovisuales de Misiones\"},\"image\":{\"@id\":\"\/#\/schema\/logo\/image\/\"}}]}<\/script>\n<!-- \/ Yoast SEO plugin. -->","yoast_head_json":{"title":"Exhibici\u00f3n, Distribuci\u00f3n y Comercializaci\u00f3n -","description":"La Gerencia de Exhibici\u00f3n, Distribuci\u00f3n y Comercializaci\u00f3n desarrolla estrategias para acercar el mejor cine misionero, regional y nacional","robots":{"index":"index","follow":"follow","max-snippet":"max-snippet:-1","max-image-preview":"max-image-preview:large","max-video-preview":"max-video-preview:-1"},"canonical":"https:\/\/www.iaavim.gob.ar\/?page_id=7880","og_locale":"es_ES","og_type":"article","og_title":"Exhibici\u00f3n, Distribuci\u00f3n y Comercializaci\u00f3n -","og_description":"La Gerencia de Exhibici\u00f3n, Distribuci\u00f3n y Comercializaci\u00f3n desarrolla estrategias para acercar el mejor cine misionero, regional y nacional","og_url":"https:\/\/www.iaavim.gob.ar\/?page_id=7880","article_modified_time":"2022-06-30T15:06:54+00:00","twitter_card":"summary_large_image","twitter_misc":{"Tiempo de lectura":"4 minutos"},"schema":{"@context":"https:\/\/schema.org","@graph":[{"@type":"WebPage","@id":"https:\/\/www.iaavim.gob.ar\/?page_id=7880","url":"https:\/\/www.iaavim.gob.ar\/?page_id=7880","name":"Exhibici\u00f3n, Distribuci\u00f3n y Comercializaci\u00f3n -","isPartOf":{"@id":"\/#website"},"datePublished":"2019-08-05T15:15:07+00:00","dateModified":"2022-06-30T15:06:54+00:00","description":"La Gerencia de Exhibici\u00f3n, Distribuci\u00f3n y Comercializaci\u00f3n desarrolla estrategias para acercar el mejor cine misionero, regional y nacional","breadcrumb":{"@id":"https:\/\/www.iaavim.gob.ar\/?page_id=7880#breadcrumb"},"inLanguage":"es-AR","potentialAction":[{"@type":"ReadAction","target":["https:\/\/www.iaavim.gob.ar\/?page_id=7880"]}]},{"@type":"BreadcrumbList","@id":"https:\/\/www.iaavim.gob.ar\/?page_id=7880#breadcrumb","itemListElement":[{"@type":"ListItem","position":1,"name":"Inicio","item":"https:\/\/www.iaavim.gob.ar\/"},{"@type":"ListItem","position":2,"name":"Exhibici\u00f3n, Distribuci\u00f3n y Comercializaci\u00f3n","item":"https:\/\/www.iaavim.gob.ar\/?page_id=7598"},{"@type":"ListItem","position":3,"name":"Exhibici\u00f3n, Distribuci\u00f3n y Comercializaci\u00f3n"}]},{"@type":"WebSite","@id":"\/#website","url":"\/","name":"","description":"Sitio oficial del IAAviM","publisher":{"@id":"\/#organization"},"potentialAction":[{"@type":"SearchAction","target":{"@type":"EntryPoint","urlTemplate":"\/?s={search_term_string}"},"query-input":{"@type":"PropertyValueSpecification","valueRequired":true,"valueName":"search_term_string"}}],"inLanguage":"es-AR"},{"@type":"Organization","@id":"\/#organization","name":"Instituto de Artes Audiovisuales de Misiones","url":"\/","logo":{"@type":"ImageObject","inLanguage":"es-AR","@id":"\/#\/schema\/logo\/image\/","url":"https:\/\/iaavim.misiones.gob.ar\/wp-content\/uploads\/2021\/07\/logo-iaavim-preview.png.jpg","contentUrl":"https:\/\/iaavim.misiones.gob.ar\/wp-content\/uploads\/2021\/07\/logo-iaavim-preview.png.jpg","width":1200,"height":675,"caption":"Instituto de Artes Audiovisuales de Misiones"},"image":{"@id":"\/#\/schema\/logo\/image\/"}}]}},"_links":{"self":[{"href":"https:\/\/www.iaavim.gob.ar\/index.php?rest_route=\/wp\/v2\/pages\/7880","targetHints":{"allow":["GET"]}}],"collection":[{"href":"https:\/\/www.iaavim.gob.ar\/index.php?rest_route=\/wp\/v2\/pages"}],"about":[{"href":"https:\/\/www.iaavim.gob.ar\/index.php?rest_route=\/wp\/v2\/types\/page"}],"author":[{"embeddable":true,"href":"https:\/\/www.iaavim.gob.ar\/index.php?rest_route=\/wp\/v2\/users\/1"}],"replies":[{"embeddable":true,"href":"https:\/\/www.iaavim.gob.ar\/index.php?rest_route=%2Fwp%2Fv2%2Fcomments&post=7880"}],"version-history":[{"count":3,"href":"https:\/\/www.iaavim.gob.ar\/index.php?rest_route=\/wp\/v2\/pages\/7880\/revisions"}],"predecessor-version":[{"id":11972,"href":"https:\/\/www.iaavim.gob.ar\/index.php?rest_route=\/wp\/v2\/pages\/7880\/revisions\/11972"}],"up":[{"embeddable":true,"href":"https:\/\/www.iaavim.gob.ar\/index.php?rest_route=\/wp\/v2\/pages\/7598"}],"wp:attachment":[{"href":"https:\/\/www.iaavim.gob.ar\/index.php?rest_route=%2Fwp%2Fv2%2Fmedia&parent=7880"}],"wp:term":[{"taxonomy":"post_tag","embeddable":true,"href":"https:\/\/www.iaavim.gob.ar\/index.php?rest_route=%2Fwp%2Fv2%2Ftags&post=7880"}],"curies":[{"name":"wp","href":"https:\/\/api.w.org\/{rel}","templated":true}]}}