{"id":7508,"date":"2019-07-23T12:19:37","date_gmt":"2019-07-23T15:19:37","guid":{"rendered":"https:\/\/iaavim.com\/?page_id=7508"},"modified":"2023-03-09T07:03:50","modified_gmt":"2023-03-09T10:03:50","slug":"capacitacion","status":"publish","type":"page","link":"https:\/\/www.iaavim.gob.ar\/?page_id=7508","title":{"rendered":"Capacitaci\u00f3n"},"content":{"rendered":"\n<p>Uno de los ejes principales del IAAviM es la capacitaci\u00f3n, que se ofrece al sector teniendo en cuenta sus necesidades y la proyecci\u00f3n de la actividad a futuro en nuestra provincia.<\/p>\n\n\n\n<p>La Gerencia de Capacitaci\u00f3n e Investigaci\u00f3n promueve acciones para actualizar y perfeccionar los conocimientos de las y los trabajadores audiovisuales que se inician en el campo profesional y de aquellos que ya cuentan con una trayectoria. En ese sentido, las l\u00edneas de acci\u00f3n se orientan fundamentalmente al fortalecimiento del sector, con \u00e9nfasis en el desarrollo de proyectos audiovisuales, desarrollo y armado de carpetas de presentaci\u00f3n y perfeccionamiento de la t\u00e9cnica audiovisual en \u00e1reas espec\u00edficas.<\/p>\n\n\n\n<p>Cabe destacar en el dise\u00f1o de los planes de capacitaci\u00f3n el di\u00e1logo permanente con los y las integrantes del sector, a trav\u00e9s de reuniones de distrito, conclusiones de los foros y propuestas espec\u00edficas.<\/p>\n\n\n\n<p>Otras dimensiones que contempla la estrategia de la Gerencia se relacionan con acciones de capacitaci\u00f3n en festivales provinciales, articulaci\u00f3n con el INCAA para llevar propuestas de alfabetizaci\u00f3n audiovisual a las escuelas, asistencia a ingresantes a la ENERC NEA, vinculaci\u00f3n con casas de estudios, entre otras.<\/p>\n\n\n\n<p>L\u00edneas que se trabajan<\/p>\n\n\n\n<ul class=\"wp-block-list\">\n<li><strong>IAAviM LAB<\/strong><\/li>\n\n\n\n<li><strong>Capacitaci\u00f3n en festivales<\/strong><\/li>\n\n\n\n<li><strong>Programa de Alfabetizaci\u00f3n Audiovisual<\/strong><\/li>\n\n\n\n<li><strong>Vinculaci\u00f3n con casas de estudio<\/strong><\/li>\n\n\n\n<li><strong>Investigaci\u00f3n&nbsp;<\/strong><\/li>\n<\/ul>\n\n\n\n<div style=\"height:78px\" aria-hidden=\"true\" class=\"wp-block-spacer\"><\/div>\n\n\n\n<div class=\"wp-block-columns is-layout-flex wp-container-core-columns-is-layout-9d6595d7 wp-block-columns-is-layout-flex\">\n<div class=\"wp-block-column is-layout-flow wp-block-column-is-layout-flow\">\n<p><a href=\"https:\/\/iaavim.gob.ar\/inscripcion-abierta-a-los-laboratorios-de-iaavim-lab-2021\/\">https:\/\/iaavim.gob.ar\/inscripcion-abierta-a-los-laboratorios-de-iaavim-lab-2021\/<\/a><\/p>\n<\/div>\n\n\n\n<div class=\"wp-block-column is-layout-flow wp-block-column-is-layout-flow\">\n<p><a href=\"https:\/\/iaavim.gob.ar\/accede-a-las-capacitaciones-de-iaavim-lab-2020\/\">https:\/\/iaavim.gob.ar\/accede-a-las-capacitaciones-de-iaavim-lab-2020\/<\/a><\/p>\n<\/div>\n<\/div>\n\n\n\n<p><\/p>\n","protected":false},"excerpt":{"rendered":"<p>Uno de los ejes principales del IAAviM es la capacitaci\u00f3n, que se ofrece al sector teniendo en cuenta sus necesidades y la proyecci\u00f3n de la actividad a futuro en nuestra provincia. La Gerencia de Capacitaci\u00f3n e Investigaci\u00f3n promueve acciones para actualizar y perfeccionar los conocimientos de las y los trabajadores audiovisuales que se inician en &hellip;<\/p>\n","protected":false},"author":2,"featured_media":0,"parent":0,"menu_order":0,"comment_status":"closed","ping_status":"closed","template":"","meta":{"_acf_changed":false,"footnotes":""},"tags":[],"class_list":["post-7508","page","type-page","status-publish","hentry"],"acf":[],"yoast_head":"<!-- This site is optimized with the Yoast SEO plugin v25.8 - https:\/\/yoast.com\/wordpress\/plugins\/seo\/ -->\n<title>Capacitaci\u00f3n -<\/title>\n<meta name=\"description\" content=\"La Gerencia de Capacitaci\u00f3n e Investigaci\u00f3n del IAAviM promueve acciones para el perfeccionamiento de las y los trabajadores audiovisuales\" \/>\n<meta name=\"robots\" content=\"index, follow, max-snippet:-1, max-image-preview:large, max-video-preview:-1\" \/>\n<link rel=\"canonical\" href=\"https:\/\/www.iaavim.gob.ar\/?page_id=7508\" \/>\n<meta property=\"og:locale\" content=\"es_ES\" \/>\n<meta property=\"og:type\" content=\"article\" \/>\n<meta property=\"og:title\" content=\"Capacitaci\u00f3n -\" \/>\n<meta property=\"og:description\" content=\"La Gerencia de Capacitaci\u00f3n e Investigaci\u00f3n del IAAviM promueve acciones para el perfeccionamiento de las y los trabajadores audiovisuales\" \/>\n<meta property=\"og:url\" content=\"https:\/\/www.iaavim.gob.ar\/?page_id=7508\" \/>\n<meta property=\"article:modified_time\" content=\"2023-03-09T10:03:50+00:00\" \/>\n<meta name=\"twitter:card\" content=\"summary_large_image\" \/>\n<meta name=\"twitter:label1\" content=\"Tiempo de lectura\" \/>\n\t<meta name=\"twitter:data1\" content=\"1 minuto\" \/>\n<script type=\"application\/ld+json\" class=\"yoast-schema-graph\">{\"@context\":\"https:\/\/schema.org\",\"@graph\":[{\"@type\":\"WebPage\",\"@id\":\"https:\/\/www.iaavim.gob.ar\/?page_id=7508\",\"url\":\"https:\/\/www.iaavim.gob.ar\/?page_id=7508\",\"name\":\"Capacitaci\u00f3n -\",\"isPartOf\":{\"@id\":\"\/#website\"},\"datePublished\":\"2019-07-23T15:19:37+00:00\",\"dateModified\":\"2023-03-09T10:03:50+00:00\",\"description\":\"La Gerencia de Capacitaci\u00f3n e Investigaci\u00f3n del IAAviM promueve acciones para el perfeccionamiento de las y los trabajadores audiovisuales\",\"breadcrumb\":{\"@id\":\"https:\/\/www.iaavim.gob.ar\/?page_id=7508#breadcrumb\"},\"inLanguage\":\"es-AR\",\"potentialAction\":[{\"@type\":\"ReadAction\",\"target\":[\"https:\/\/www.iaavim.gob.ar\/?page_id=7508\"]}]},{\"@type\":\"BreadcrumbList\",\"@id\":\"https:\/\/www.iaavim.gob.ar\/?page_id=7508#breadcrumb\",\"itemListElement\":[{\"@type\":\"ListItem\",\"position\":1,\"name\":\"Inicio\",\"item\":\"https:\/\/www.iaavim.gob.ar\/\"},{\"@type\":\"ListItem\",\"position\":2,\"name\":\"Capacitaci\u00f3n\"}]},{\"@type\":\"WebSite\",\"@id\":\"\/#website\",\"url\":\"\/\",\"name\":\"\",\"description\":\"Sitio oficial del IAAviM\",\"publisher\":{\"@id\":\"\/#organization\"},\"potentialAction\":[{\"@type\":\"SearchAction\",\"target\":{\"@type\":\"EntryPoint\",\"urlTemplate\":\"\/?s={search_term_string}\"},\"query-input\":{\"@type\":\"PropertyValueSpecification\",\"valueRequired\":true,\"valueName\":\"search_term_string\"}}],\"inLanguage\":\"es-AR\"},{\"@type\":\"Organization\",\"@id\":\"\/#organization\",\"name\":\"Instituto de Artes Audiovisuales de Misiones\",\"url\":\"\/\",\"logo\":{\"@type\":\"ImageObject\",\"inLanguage\":\"es-AR\",\"@id\":\"\/#\/schema\/logo\/image\/\",\"url\":\"https:\/\/iaavim.misiones.gob.ar\/wp-content\/uploads\/2021\/07\/logo-iaavim-preview.png.jpg\",\"contentUrl\":\"https:\/\/iaavim.misiones.gob.ar\/wp-content\/uploads\/2021\/07\/logo-iaavim-preview.png.jpg\",\"width\":1200,\"height\":675,\"caption\":\"Instituto de Artes Audiovisuales de Misiones\"},\"image\":{\"@id\":\"\/#\/schema\/logo\/image\/\"}}]}<\/script>\n<!-- \/ Yoast SEO plugin. -->","yoast_head_json":{"title":"Capacitaci\u00f3n -","description":"La Gerencia de Capacitaci\u00f3n e Investigaci\u00f3n del IAAviM promueve acciones para el perfeccionamiento de las y los trabajadores audiovisuales","robots":{"index":"index","follow":"follow","max-snippet":"max-snippet:-1","max-image-preview":"max-image-preview:large","max-video-preview":"max-video-preview:-1"},"canonical":"https:\/\/www.iaavim.gob.ar\/?page_id=7508","og_locale":"es_ES","og_type":"article","og_title":"Capacitaci\u00f3n -","og_description":"La Gerencia de Capacitaci\u00f3n e Investigaci\u00f3n del IAAviM promueve acciones para el perfeccionamiento de las y los trabajadores audiovisuales","og_url":"https:\/\/www.iaavim.gob.ar\/?page_id=7508","article_modified_time":"2023-03-09T10:03:50+00:00","twitter_card":"summary_large_image","twitter_misc":{"Tiempo de lectura":"1 minuto"},"schema":{"@context":"https:\/\/schema.org","@graph":[{"@type":"WebPage","@id":"https:\/\/www.iaavim.gob.ar\/?page_id=7508","url":"https:\/\/www.iaavim.gob.ar\/?page_id=7508","name":"Capacitaci\u00f3n -","isPartOf":{"@id":"\/#website"},"datePublished":"2019-07-23T15:19:37+00:00","dateModified":"2023-03-09T10:03:50+00:00","description":"La Gerencia de Capacitaci\u00f3n e Investigaci\u00f3n del IAAviM promueve acciones para el perfeccionamiento de las y los trabajadores audiovisuales","breadcrumb":{"@id":"https:\/\/www.iaavim.gob.ar\/?page_id=7508#breadcrumb"},"inLanguage":"es-AR","potentialAction":[{"@type":"ReadAction","target":["https:\/\/www.iaavim.gob.ar\/?page_id=7508"]}]},{"@type":"BreadcrumbList","@id":"https:\/\/www.iaavim.gob.ar\/?page_id=7508#breadcrumb","itemListElement":[{"@type":"ListItem","position":1,"name":"Inicio","item":"https:\/\/www.iaavim.gob.ar\/"},{"@type":"ListItem","position":2,"name":"Capacitaci\u00f3n"}]},{"@type":"WebSite","@id":"\/#website","url":"\/","name":"","description":"Sitio oficial del IAAviM","publisher":{"@id":"\/#organization"},"potentialAction":[{"@type":"SearchAction","target":{"@type":"EntryPoint","urlTemplate":"\/?s={search_term_string}"},"query-input":{"@type":"PropertyValueSpecification","valueRequired":true,"valueName":"search_term_string"}}],"inLanguage":"es-AR"},{"@type":"Organization","@id":"\/#organization","name":"Instituto de Artes Audiovisuales de Misiones","url":"\/","logo":{"@type":"ImageObject","inLanguage":"es-AR","@id":"\/#\/schema\/logo\/image\/","url":"https:\/\/iaavim.misiones.gob.ar\/wp-content\/uploads\/2021\/07\/logo-iaavim-preview.png.jpg","contentUrl":"https:\/\/iaavim.misiones.gob.ar\/wp-content\/uploads\/2021\/07\/logo-iaavim-preview.png.jpg","width":1200,"height":675,"caption":"Instituto de Artes Audiovisuales de Misiones"},"image":{"@id":"\/#\/schema\/logo\/image\/"}}]}},"_links":{"self":[{"href":"https:\/\/www.iaavim.gob.ar\/index.php?rest_route=\/wp\/v2\/pages\/7508","targetHints":{"allow":["GET"]}}],"collection":[{"href":"https:\/\/www.iaavim.gob.ar\/index.php?rest_route=\/wp\/v2\/pages"}],"about":[{"href":"https:\/\/www.iaavim.gob.ar\/index.php?rest_route=\/wp\/v2\/types\/page"}],"author":[{"embeddable":true,"href":"https:\/\/www.iaavim.gob.ar\/index.php?rest_route=\/wp\/v2\/users\/2"}],"replies":[{"embeddable":true,"href":"https:\/\/www.iaavim.gob.ar\/index.php?rest_route=%2Fwp%2Fv2%2Fcomments&post=7508"}],"version-history":[{"count":9,"href":"https:\/\/www.iaavim.gob.ar\/index.php?rest_route=\/wp\/v2\/pages\/7508\/revisions"}],"predecessor-version":[{"id":12697,"href":"https:\/\/www.iaavim.gob.ar\/index.php?rest_route=\/wp\/v2\/pages\/7508\/revisions\/12697"}],"wp:attachment":[{"href":"https:\/\/www.iaavim.gob.ar\/index.php?rest_route=%2Fwp%2Fv2%2Fmedia&parent=7508"}],"wp:term":[{"taxonomy":"post_tag","embeddable":true,"href":"https:\/\/www.iaavim.gob.ar\/index.php?rest_route=%2Fwp%2Fv2%2Ftags&post=7508"}],"curies":[{"name":"wp","href":"https:\/\/api.w.org\/{rel}","templated":true}]}}