{"id":7490,"date":"2019-07-23T11:08:52","date_gmt":"2019-07-23T14:08:52","guid":{"rendered":"https:\/\/iaavim.com\/?page_id=7490"},"modified":"2019-08-02T10:11:10","modified_gmt":"2019-08-02T13:11:10","slug":"archivo-general-audiovisual-de-misiones-a-g-a-m","status":"publish","type":"page","link":"https:\/\/www.iaavim.gob.ar\/?page_id=7490","title":{"rendered":"Archivo General Audiovisual de Misiones (A.G.A.M.)"},"content":{"rendered":"\n<p>El <strong>AGAM<\/strong> fue creado con el objetivo de resguardar las producciones audiovisuales originales de realizadores misioneros y facilitar su acceso y visualizaci\u00f3n. Entre las tareas permanentes del \u00e1rea se encuentran el relevamiento, recepci\u00f3n y catalogaci\u00f3n de materiales, tanto de la provincia y de la regi\u00f3n NEA como del Instituto Nacional de Cine y Artes Audiovisuales (INCAA), conformando la <strong>Mediateca del IAAviM<\/strong>.<\/p>\n\n\n\n<div class=\"wp-block-columns has-3-columns is-layout-flex wp-container-core-columns-is-layout-9d6595d7 wp-block-columns-is-layout-flex\">\n<div class=\"wp-block-column is-layout-flow wp-block-column-is-layout-flow\"><div class=\"su-service\"><div class=\"su-service-title\" style=\"padding-left:46px;min-height:32px;line-height:32px\"><i class=\"sui sui-database\" style=\"font-size:32px;color:#00d1c1\"><\/i> Base de datos<\/div><div class=\"su-service-content su-u-clearfix su-u-trim\" style=\"padding-left:46px\">Relevamiento y recepci\u00f3n de obras audiovisuales de realizadores y entidades productoras de contenidos mediante formularios de autorizaci\u00f3n. Actualizaci\u00f3n continua de la n\u00f3mina de producciones misioneras. Base de datos de acceso p\u00fablico de origen nacional, regional y provincial en la Medioteca del IAAviM.<\/div><\/div>\n<\/div>\n\n\n\n<div class=\"wp-block-column is-layout-flow wp-block-column-is-layout-flow\"><div class=\"su-service\"><div class=\"su-service-title\" style=\"padding-left:46px;min-height:32px;line-height:32px\"><i class=\"sui sui-clipboard\" style=\"font-size:32px;color:#00d1c1\"><\/i> Sistematizaci\u00f3n de contenidos<\/div><div class=\"su-service-content su-u-clearfix su-u-trim\" style=\"padding-left:46px\">Clasificaci\u00f3n y organizaci\u00f3n de las producciones anal\u00f3gicas y materiales complementarios para su digitalizaci\u00f3n y normalizaci\u00f3n acorde a los est\u00e1ndares de calidad internacional. Catalogaci\u00f3n para uso did\u00e1ctico y de difusi\u00f3n en diferentes pantallas. <\/div><\/div>\n<\/div>\n\n\n\n<div class=\"wp-block-column is-layout-flow wp-block-column-is-layout-flow\"><div class=\"su-service\"><div class=\"su-service-title\" style=\"padding-left:46px;min-height:32px;line-height:32px\"><i class=\"sui sui-gears\" style=\"font-size:32px;color:#00d1c1\"><\/i> Programaci\u00f3n<\/div><div class=\"su-service-content su-u-clearfix su-u-trim\" style=\"padding-left:46px\">Selecci\u00f3n de material que se proyecta en las salas del IAAVIM distribuidas en la provincia, en programas de televisi\u00f3n, y otros eventos solicitados en conjunto con el Cinem\u00f3vil<br \/>\nAn\u00e1lisis de las solicitudes y asesoramiento en la elecci\u00f3n de obras de la mediateca para la exhibici\u00f3n en eventos especiales o cine m\u00f3vil.<\/div><\/div>\n<\/div>\n<\/div>\n\n\n\n<div class=\"wp-block-columns has-3-columns is-layout-flex wp-container-core-columns-is-layout-9d6595d7 wp-block-columns-is-layout-flex\">\n<div class=\"wp-block-column is-layout-flow wp-block-column-is-layout-flow\"><div class=\"su-service\"><div class=\"su-service-title\" style=\"padding-left:46px;min-height:32px;line-height:32px\"><i class=\"sui sui-list-alt\" style=\"font-size:32px;color:#00d1c1\"><\/i> Cat\u00e1logos<\/div><div class=\"su-service-content su-u-clearfix su-u-trim\" style=\"padding-left:46px\">An\u00e1lisis y selecci\u00f3n de obras audiovisuales de acuerdo a criterios tem\u00e1ticos, de g\u00e9nero, tipos de p\u00fablicos, etc., para su utilizaci\u00f3n en \u00e1mbitos educativos, festivales, encuentros, muestras, entre otros.<\/div><\/div>\n<\/div>\n\n\n\n<div class=\"wp-block-column is-layout-flow wp-block-column-is-layout-flow\"><div class=\"su-service\"><div class=\"su-service-title\" style=\"padding-left:46px;min-height:32px;line-height:32px\"><i class=\"sui sui-expeditedssl\" style=\"font-size:32px;color:#00d1c1\"><\/i> Resguardo<\/div><div class=\"su-service-content su-u-clearfix su-u-trim\" style=\"padding-left:46px\">Adopci\u00f3n de las medidas y recursos necesarios para resguardar las producciones originales como patrimonio audiovisual y duplicar su contenido para su uso did\u00e1ctico y de difusi\u00f3n.<\/div><\/div>\n<\/div>\n\n\n\n<div class=\"wp-block-column is-layout-flow wp-block-column-is-layout-flow\"><div class=\"su-service\"><div class=\"su-service-title\" style=\"padding-left:46px;min-height:32px;line-height:32px\"><i class=\"sui sui-file-movie-o\" style=\"font-size:32px;color:#00d1c1\"><\/i> Exposici\u00f3n<\/div><div class=\"su-service-content su-u-clearfix su-u-trim\" style=\"padding-left:46px\">Generar un espacio p\u00fablico de exposici\u00f3n, consulta y visualizaci\u00f3n de las producciones y material complementario dentro del portal del IAAVIM.<\/div><\/div>\n<\/div>\n<\/div>\n","protected":false},"excerpt":{"rendered":"<p>El AGAM fue creado con el objetivo de resguardar las producciones audiovisuales originales de realizadores misioneros y facilitar su acceso y visualizaci\u00f3n. Entre las tareas permanentes del \u00e1rea se encuentran el relevamiento, recepci\u00f3n y catalogaci\u00f3n de materiales, tanto de la provincia y de la regi\u00f3n NEA como del Instituto Nacional de Cine y Artes Audiovisuales &hellip;<\/p>\n","protected":false},"author":1,"featured_media":0,"parent":0,"menu_order":0,"comment_status":"closed","ping_status":"closed","template":"","meta":{"_acf_changed":false,"footnotes":""},"tags":[],"class_list":["post-7490","page","type-page","status-publish","hentry"],"acf":[],"yoast_head":"<!-- This site is optimized with the Yoast SEO plugin v27.4 - https:\/\/yoast.com\/product\/yoast-seo-wordpress\/ -->\n<title>Archivo General Audiovisual de Misiones (A.G.A.M.) -<\/title>\n<meta name=\"robots\" content=\"index, follow, max-snippet:-1, max-image-preview:large, max-video-preview:-1\" \/>\n<link rel=\"canonical\" href=\"https:\/\/www.iaavim.gob.ar\/?page_id=7490\" \/>\n<meta property=\"og:locale\" content=\"es_ES\" \/>\n<meta property=\"og:type\" content=\"article\" \/>\n<meta property=\"og:title\" content=\"Archivo General Audiovisual de Misiones (A.G.A.M.) -\" \/>\n<meta property=\"og:description\" content=\"El AGAM fue creado con el objetivo de resguardar las producciones audiovisuales originales de realizadores misioneros y facilitar su acceso y visualizaci\u00f3n. Entre las tareas permanentes del \u00e1rea se encuentran el relevamiento, recepci\u00f3n y catalogaci\u00f3n de materiales, tanto de la provincia y de la regi\u00f3n NEA como del Instituto Nacional de Cine y Artes Audiovisuales &hellip;\" \/>\n<meta property=\"og:url\" content=\"https:\/\/www.iaavim.gob.ar\/?page_id=7490\" \/>\n<meta property=\"article:modified_time\" content=\"2019-08-02T13:11:10+00:00\" \/>\n<meta name=\"twitter:card\" content=\"summary_large_image\" \/>\n<meta name=\"twitter:label1\" content=\"Tiempo de lectura\" \/>\n\t<meta name=\"twitter:data1\" content=\"2 minutos\" \/>\n<script type=\"application\/ld+json\" class=\"yoast-schema-graph\">{\"@context\":\"https:\\\/\\\/schema.org\",\"@graph\":[{\"@type\":\"WebPage\",\"@id\":\"https:\\\/\\\/www.iaavim.gob.ar\\\/?page_id=7490\",\"url\":\"https:\\\/\\\/www.iaavim.gob.ar\\\/?page_id=7490\",\"name\":\"Archivo General Audiovisual de Misiones (A.G.A.M.) -\",\"isPartOf\":{\"@id\":\"\\\/#website\"},\"datePublished\":\"2019-07-23T14:08:52+00:00\",\"dateModified\":\"2019-08-02T13:11:10+00:00\",\"breadcrumb\":{\"@id\":\"https:\\\/\\\/www.iaavim.gob.ar\\\/?page_id=7490#breadcrumb\"},\"inLanguage\":\"es-AR\",\"potentialAction\":[{\"@type\":\"ReadAction\",\"target\":[\"https:\\\/\\\/www.iaavim.gob.ar\\\/?page_id=7490\"]}]},{\"@type\":\"BreadcrumbList\",\"@id\":\"https:\\\/\\\/www.iaavim.gob.ar\\\/?page_id=7490#breadcrumb\",\"itemListElement\":[{\"@type\":\"ListItem\",\"position\":1,\"name\":\"Inicio\",\"item\":\"https:\\\/\\\/www.iaavim.gob.ar\\\/\"},{\"@type\":\"ListItem\",\"position\":2,\"name\":\"Archivo General Audiovisual de Misiones (A.G.A.M.)\"}]},{\"@type\":\"WebSite\",\"@id\":\"\\\/#website\",\"url\":\"\\\/\",\"name\":\"\",\"description\":\"Sitio oficial del IAAviM\",\"publisher\":{\"@id\":\"\\\/#organization\"},\"potentialAction\":[{\"@type\":\"SearchAction\",\"target\":{\"@type\":\"EntryPoint\",\"urlTemplate\":\"\\\/?s={search_term_string}\"},\"query-input\":{\"@type\":\"PropertyValueSpecification\",\"valueRequired\":true,\"valueName\":\"search_term_string\"}}],\"inLanguage\":\"es-AR\"},{\"@type\":\"Organization\",\"@id\":\"\\\/#organization\",\"name\":\"Instituto de Artes Audiovisuales de Misiones\",\"url\":\"\\\/\",\"logo\":{\"@type\":\"ImageObject\",\"inLanguage\":\"es-AR\",\"@id\":\"\\\/#\\\/schema\\\/logo\\\/image\\\/\",\"url\":\"https:\\\/\\\/iaavim.misiones.gob.ar\\\/wp-content\\\/uploads\\\/2021\\\/07\\\/logo-iaavim-preview.png.jpg\",\"contentUrl\":\"https:\\\/\\\/iaavim.misiones.gob.ar\\\/wp-content\\\/uploads\\\/2021\\\/07\\\/logo-iaavim-preview.png.jpg\",\"width\":1200,\"height\":675,\"caption\":\"Instituto de Artes Audiovisuales de Misiones\"},\"image\":{\"@id\":\"\\\/#\\\/schema\\\/logo\\\/image\\\/\"}}]}<\/script>\n<!-- \/ Yoast SEO plugin. -->","yoast_head_json":{"title":"Archivo General Audiovisual de Misiones (A.G.A.M.) -","robots":{"index":"index","follow":"follow","max-snippet":"max-snippet:-1","max-image-preview":"max-image-preview:large","max-video-preview":"max-video-preview:-1"},"canonical":"https:\/\/www.iaavim.gob.ar\/?page_id=7490","og_locale":"es_ES","og_type":"article","og_title":"Archivo General Audiovisual de Misiones (A.G.A.M.) -","og_description":"El AGAM fue creado con el objetivo de resguardar las producciones audiovisuales originales de realizadores misioneros y facilitar su acceso y visualizaci\u00f3n. Entre las tareas permanentes del \u00e1rea se encuentran el relevamiento, recepci\u00f3n y catalogaci\u00f3n de materiales, tanto de la provincia y de la regi\u00f3n NEA como del Instituto Nacional de Cine y Artes Audiovisuales &hellip;","og_url":"https:\/\/www.iaavim.gob.ar\/?page_id=7490","article_modified_time":"2019-08-02T13:11:10+00:00","twitter_card":"summary_large_image","twitter_misc":{"Tiempo de lectura":"2 minutos"},"schema":{"@context":"https:\/\/schema.org","@graph":[{"@type":"WebPage","@id":"https:\/\/www.iaavim.gob.ar\/?page_id=7490","url":"https:\/\/www.iaavim.gob.ar\/?page_id=7490","name":"Archivo General Audiovisual de Misiones (A.G.A.M.) -","isPartOf":{"@id":"\/#website"},"datePublished":"2019-07-23T14:08:52+00:00","dateModified":"2019-08-02T13:11:10+00:00","breadcrumb":{"@id":"https:\/\/www.iaavim.gob.ar\/?page_id=7490#breadcrumb"},"inLanguage":"es-AR","potentialAction":[{"@type":"ReadAction","target":["https:\/\/www.iaavim.gob.ar\/?page_id=7490"]}]},{"@type":"BreadcrumbList","@id":"https:\/\/www.iaavim.gob.ar\/?page_id=7490#breadcrumb","itemListElement":[{"@type":"ListItem","position":1,"name":"Inicio","item":"https:\/\/www.iaavim.gob.ar\/"},{"@type":"ListItem","position":2,"name":"Archivo General Audiovisual de Misiones (A.G.A.M.)"}]},{"@type":"WebSite","@id":"\/#website","url":"\/","name":"","description":"Sitio oficial del IAAviM","publisher":{"@id":"\/#organization"},"potentialAction":[{"@type":"SearchAction","target":{"@type":"EntryPoint","urlTemplate":"\/?s={search_term_string}"},"query-input":{"@type":"PropertyValueSpecification","valueRequired":true,"valueName":"search_term_string"}}],"inLanguage":"es-AR"},{"@type":"Organization","@id":"\/#organization","name":"Instituto de Artes Audiovisuales de Misiones","url":"\/","logo":{"@type":"ImageObject","inLanguage":"es-AR","@id":"\/#\/schema\/logo\/image\/","url":"https:\/\/iaavim.misiones.gob.ar\/wp-content\/uploads\/2021\/07\/logo-iaavim-preview.png.jpg","contentUrl":"https:\/\/iaavim.misiones.gob.ar\/wp-content\/uploads\/2021\/07\/logo-iaavim-preview.png.jpg","width":1200,"height":675,"caption":"Instituto de Artes Audiovisuales de Misiones"},"image":{"@id":"\/#\/schema\/logo\/image\/"}}]}},"_links":{"self":[{"href":"https:\/\/www.iaavim.gob.ar\/index.php?rest_route=\/wp\/v2\/pages\/7490","targetHints":{"allow":["GET"]}}],"collection":[{"href":"https:\/\/www.iaavim.gob.ar\/index.php?rest_route=\/wp\/v2\/pages"}],"about":[{"href":"https:\/\/www.iaavim.gob.ar\/index.php?rest_route=\/wp\/v2\/types\/page"}],"author":[{"embeddable":true,"href":"https:\/\/www.iaavim.gob.ar\/index.php?rest_route=\/wp\/v2\/users\/1"}],"replies":[{"embeddable":true,"href":"https:\/\/www.iaavim.gob.ar\/index.php?rest_route=%2Fwp%2Fv2%2Fcomments&post=7490"}],"version-history":[{"count":0,"href":"https:\/\/www.iaavim.gob.ar\/index.php?rest_route=\/wp\/v2\/pages\/7490\/revisions"}],"wp:attachment":[{"href":"https:\/\/www.iaavim.gob.ar\/index.php?rest_route=%2Fwp%2Fv2%2Fmedia&parent=7490"}],"wp:term":[{"taxonomy":"post_tag","embeddable":true,"href":"https:\/\/www.iaavim.gob.ar\/index.php?rest_route=%2Fwp%2Fv2%2Ftags&post=7490"}],"curies":[{"name":"wp","href":"https:\/\/api.w.org\/{rel}","templated":true}]}}