{"id":3574,"date":"2017-11-29T11:15:40","date_gmt":"2017-11-29T14:15:40","guid":{"rendered":"https:\/\/iaavim.com\/?page_id=3574"},"modified":"2025-10-06T12:38:38","modified_gmt":"2025-10-06T15:38:38","slug":"contactos","status":"publish","type":"page","link":"https:\/\/www.iaavim.gob.ar\/?page_id=3574","title":{"rendered":"Contactos"},"content":{"rendered":"\n<div class=\"wp-block-group\"><div class=\"wp-block-group__inner-container is-layout-flow wp-block-group-is-layout-flow\">\n<div class=\"wp-block-columns is-layout-flex wp-container-core-columns-is-layout-9d6595d7 wp-block-columns-is-layout-flex\">\n<div class=\"wp-block-column is-layout-flow wp-block-column-is-layout-flow\" style=\"flex-basis:100%\">\n<h2 style=\"text-align: center;\">Consejo Directivo Multisectorial del IAAviM<\/h2>\n<div class=\"su-row\">\n<div class=\"su-column su-column-size-1-2\"><div class=\"su-column-inner su-u-clearfix su-u-trim\">\n<p>Sergio Acosta<br \/><strong>Presidente del IAAviM<\/strong><br \/><a href=\"mailto:secretaria@iaavim.gob.ar\">secretaria@iaavim.gob.ar<\/a><\/p>\n<p>Luc\u00eda Alcain<br \/><strong>Representante por la UNaM<\/strong><br \/><a href=\"mailto:unam@iaavim.gob.ar\">unam@iaavim.gob.ar<\/a><\/p>\n<p>Liliana del Valle Borge\u00a0&#8211; SATSAID<br \/><strong>Representante por sindicatos del sector<\/strong><br \/><a href=\"mailto:satsaid@iaavim.gob.ar\">satsaid@iaavim.gob.ar<\/a><\/p>\n<p>Federico Thomas<br \/><strong>Representante Distrito Audiovisual Sur<\/strong><br \/><a href=\"mailto:distritoaudiovisualsur@iaavim.gob.ar\">distritoaudiovisualsur@iaavim.gob.ar<\/a><\/div><\/div>\n<div class=\"su-column su-column-size-1-2\"><div class=\"su-column-inner su-u-clearfix su-u-trim\">\n<p>Benjam\u00edn Correa<br \/><strong>Representante Distrito Audiovisual Uruguay<\/strong><br \/><a href=\"mailto:distritoaudiovisualuruguay@iaavim.gob.ar\">distritoaudiovisualuruguay@iaavim.gob.ar<\/a><\/p>\n<p>Leonardo Mat\u00edas R\u00edos<br \/><strong>Representante Distrito Audiovisual Paran\u00e1<\/strong><br \/><a href=\"mailto:distritoaudiovisualparana@iaavim.gob.ar\">distritoaudiovisualparana@iaavim.gob.ar<\/a><\/p>\n<p>Yanina Galeano<br \/><strong>Representante Distrito Audiovisual Norte<\/strong><br \/><a href=\"mailto:distritoaudiovisualnorte@iaavim.gob.ar\">distritoaudiovisualnorte@iaavim.gob.ar<\/a><\/p>\n<\/div><\/div><\/div>\n<p>\u00a0<\/p>\n<h2 style=\"text-align: center;\">\u00a0 \u00a0 \u00a0Equipo Operativo<\/h2>\n<div class=\"su-row\">\n<div class=\"su-column su-column-size-1-2\"><div class=\"su-column-inner su-u-clearfix su-u-trim\"><strong><br \/><\/strong><\/p>\n<p><strong>Gerencia de Capacitaci\u00f3n e Investigaci\u00f3n<br \/><\/strong>Mariana Lombardini<strong><br \/><\/strong><a href=\"mailto:capacitacion@iaavim.gob.ar\">capacitacion@iaavim.gob.ar<\/a><br \/><a href=\"mailto:cursosiaavim@gmail.com\">capacitacioniaavim@gmail.com<\/a><\/p>\n<p><strong>Asistente de Capacitaci\u00f3n<\/strong><br \/>Ivanna Cuczuk<br \/>asistenciacapacitacioniaavim@gmail.com<\/p>\n<p><strong>Gerencia de Fomento<\/strong><br \/>Santiago Carabante<br \/><a href=\"mailto:fomento@iaavim.gob.ar\">fomento@iaavim.gob.ar<\/a><\/p>\n<p><strong>Asistente de Fomento<\/strong><br \/>Andrea Carolina Becerra<\/p>\n<p><strong>Gerencia de Exhibici\u00f3n, Distribuci\u00f3n y Comercializaci\u00f3n<\/strong><br \/><a href=\"mailto:edc@iaavim.gob.ar\">edc@iaavim.gob.ar<\/a><\/p>\n<p><strong>Cinemateca Digital de Misiones<\/strong><br \/>Guillermo Rovira<br \/><a href=\"mailto:miraiaavim@iaavim.gob.ar\">cinemateca@iaavim.gob.ar<\/a><\/p>\n<p><strong>Coordinaci\u00f3n T\u00e9cnica de Exhibici\u00f3n y Distribuci\u00f3n<\/strong><br \/>Esteban Baigorri<br \/><a href=\"mailto:miraiaavim@iaavim.gob.ar\">miraiaavim@iaavim.gob.ar<\/a><br \/><a href=\"mailto:coordinacioncdpiaavim@gmail.com\">coordinacioncdpiaavim@gmail.com<\/a><\/p>\n<p><strong>Direcci\u00f3n de Archivo Provincial Audiovisual<\/strong><br \/>Germ\u00e1n Kannemann<br \/><a href=\"mailto:agam@iaavim.misiones.gob.ar\">agam@iaavim.misiones.gob.ar<\/a><\/p>\n<p><strong>Direcci\u00f3n de Comunicaci\u00f3n<br \/><\/strong>Magali Mart\u00edn<br \/>Quenia de los Santos, asistente de Comunicaci\u00f3n<br \/><a href=\"mailto:comunicacion.iaavim@gmail.com\">comunicacion.iaavim@gmail.com<\/a><br \/><a href=\"mailto:comunicacion@iaavim.gob.ar\">comunicacion@iaavim.gob.ar<\/a><\/p>\n<\/div><\/div>\n<div class=\"su-column su-column-size-1-2\"><div class=\"su-column-inner su-u-clearfix su-u-trim\">\n<p>\u00a0<\/p>\n<p><strong>Registro Provincial del Audiovisual<\/strong><br \/>Silvana Gonz\u00e1lez Gregori<br \/><a href=\"mailto:repa@iaavim.gob.ar\">repa@iaavim.gob.ar<\/a><\/p>\n<p><strong>Producci\u00f3n Comunitaria<\/strong><br \/>Ver\u00f3nica Fulquet<br \/><a href=\"mailto:comunitaria@iaavim.gob.ar\">comunitaria@iaavim.gob.ar<\/a><\/p>\n<p><strong>Direcci\u00f3n de Comisi\u00f3n de Filmaciones<br \/><\/strong>Natalia Bonetti<strong><br \/><\/strong><a href=\"mailto:comisiondefilmaciones@iaavim.gob.ar\">comisiondefilmaciones@iaavim.gob.ar<\/a><\/p>\n<p><strong>Direcci\u00f3n de Administraci\u00f3n<\/strong><br \/><span style=\"font-weight: 400;\">Noel Gali\u00e1n<\/span><br \/><a href=\"mailto:administracion@iaavim.gob.ar\"><span style=\"font-weight: 400;\">administracion@iaavim.gob.ar<\/span><\/a><\/p>\n<p><span style=\"font-weight: 400;\"><strong>Departamento Tesorer\u00eda<\/strong><br \/>Jos\u00e9 Ra\u00fal Otazo<br \/><a href=\"mailto:tesoreria@iaavim.gob.ar\">tesoreria@iaavim.gob.ar<\/a> <br \/><\/span><\/p>\n<p><span style=\"font-weight: 400;\"><strong>Departamento de Patrimonio<\/strong><br \/>Hern\u00e1n Zampa<br \/><a href=\"mailto:patrimonio@iaavim.gob.ar\">patrimonio@iaavim.gob.ar<\/a><\/span><\/p>\n<p><span style=\"font-weight: 400;\"><strong>Departamento de Contabilidad<\/strong><br \/>Daniel Cabral<br \/><\/span><a href=\"mailto:contabilidad@iaavim.gob.ar\"><span style=\"font-weight: 400;\">contabilidad@iaavim.gob.ar<\/span><\/a><span style=\"font-weight: 400;\">\u00a0<\/span><\/p>\n<p><strong>Direcci\u00f3n de Asuntos Jur\u00eddicos<br \/><\/strong>Nicol\u00e1s Vedani<strong><br \/><\/strong><a href=\"mailto:juridico@iaavim.gob.ar\">juridico@iaavim.gob.ar<\/a><\/p>\n<p><strong>Jefatura de Despacho<br \/><\/strong>Alexis Rasftopolo<br \/><a href=\"mailto:jefaturadespacho@iaavim.gob.ar\">jefaturadespacho@iaavim.gob.ar<\/a><\/p>\n<p><strong>Mesa de Entrada<br \/><\/strong>H\u00e9ctor Romero<strong><br \/><\/strong><a href=\"mailto:mesadeentrada@iaavim.gob.ar\">mesadeentrada@iaavim.gob.ar<\/a><\/p>\n<p><strong>Secretar\u00eda de Presidencia<\/strong><br \/>Daniela Fern\u00e1ndez<br \/><a href=\"mailto:presidencia@iaavim.gob.ar\">secretaria@iaavim.gob.ar<\/a><\/p>\n<\/div><\/div><\/div>\n<\/div>\n<\/div>\n<\/div><\/div>\n","protected":false},"excerpt":{"rendered":"<p>Consejo Directivo Multisectorial del IAAviM \u00a0 \u00a0 \u00a0 \u00a0Equipo Operativo<\/p>\n","protected":false},"author":2,"featured_media":0,"parent":0,"menu_order":0,"comment_status":"closed","ping_status":"closed","template":"","meta":{"_acf_changed":false,"footnotes":""},"tags":[],"class_list":["post-3574","page","type-page","status-publish","hentry"],"acf":[],"yoast_head":"<!-- This site is optimized with the Yoast SEO plugin v25.8 - https:\/\/yoast.com\/wordpress\/plugins\/seo\/ -->\n<title>Contactos -<\/title>\n<meta name=\"robots\" content=\"index, follow, max-snippet:-1, max-image-preview:large, max-video-preview:-1\" \/>\n<link rel=\"canonical\" href=\"https:\/\/www.iaavim.gob.ar\/?page_id=3574\" \/>\n<meta property=\"og:locale\" content=\"es_ES\" \/>\n<meta property=\"og:type\" content=\"article\" \/>\n<meta property=\"og:title\" content=\"Contactos -\" \/>\n<meta property=\"og:description\" content=\"Consejo Directivo Multisectorial del IAAviM \u00a0 \u00a0 \u00a0 \u00a0Equipo Operativo\" \/>\n<meta property=\"og:url\" content=\"https:\/\/www.iaavim.gob.ar\/?page_id=3574\" \/>\n<meta property=\"article:modified_time\" content=\"2025-10-06T15:38:38+00:00\" \/>\n<meta name=\"twitter:card\" content=\"summary_large_image\" \/>\n<meta name=\"twitter:label1\" content=\"Tiempo de lectura\" \/>\n\t<meta name=\"twitter:data1\" content=\"2 minutos\" \/>\n<script type=\"application\/ld+json\" class=\"yoast-schema-graph\">{\"@context\":\"https:\/\/schema.org\",\"@graph\":[{\"@type\":\"WebPage\",\"@id\":\"https:\/\/www.iaavim.gob.ar\/?page_id=3574\",\"url\":\"https:\/\/www.iaavim.gob.ar\/?page_id=3574\",\"name\":\"Contactos -\",\"isPartOf\":{\"@id\":\"\/#website\"},\"datePublished\":\"2017-11-29T14:15:40+00:00\",\"dateModified\":\"2025-10-06T15:38:38+00:00\",\"breadcrumb\":{\"@id\":\"https:\/\/www.iaavim.gob.ar\/?page_id=3574#breadcrumb\"},\"inLanguage\":\"es-AR\",\"potentialAction\":[{\"@type\":\"ReadAction\",\"target\":[\"https:\/\/www.iaavim.gob.ar\/?page_id=3574\"]}]},{\"@type\":\"BreadcrumbList\",\"@id\":\"https:\/\/www.iaavim.gob.ar\/?page_id=3574#breadcrumb\",\"itemListElement\":[{\"@type\":\"ListItem\",\"position\":1,\"name\":\"Inicio\",\"item\":\"https:\/\/www.iaavim.gob.ar\/\"},{\"@type\":\"ListItem\",\"position\":2,\"name\":\"Contactos\"}]},{\"@type\":\"WebSite\",\"@id\":\"\/#website\",\"url\":\"\/\",\"name\":\"\",\"description\":\"Sitio oficial del IAAviM\",\"publisher\":{\"@id\":\"\/#organization\"},\"potentialAction\":[{\"@type\":\"SearchAction\",\"target\":{\"@type\":\"EntryPoint\",\"urlTemplate\":\"\/?s={search_term_string}\"},\"query-input\":{\"@type\":\"PropertyValueSpecification\",\"valueRequired\":true,\"valueName\":\"search_term_string\"}}],\"inLanguage\":\"es-AR\"},{\"@type\":\"Organization\",\"@id\":\"\/#organization\",\"name\":\"Instituto de Artes Audiovisuales de Misiones\",\"url\":\"\/\",\"logo\":{\"@type\":\"ImageObject\",\"inLanguage\":\"es-AR\",\"@id\":\"\/#\/schema\/logo\/image\/\",\"url\":\"https:\/\/iaavim.misiones.gob.ar\/wp-content\/uploads\/2021\/07\/logo-iaavim-preview.png.jpg\",\"contentUrl\":\"https:\/\/iaavim.misiones.gob.ar\/wp-content\/uploads\/2021\/07\/logo-iaavim-preview.png.jpg\",\"width\":1200,\"height\":675,\"caption\":\"Instituto de Artes Audiovisuales de Misiones\"},\"image\":{\"@id\":\"\/#\/schema\/logo\/image\/\"}}]}<\/script>\n<!-- \/ Yoast SEO plugin. -->","yoast_head_json":{"title":"Contactos -","robots":{"index":"index","follow":"follow","max-snippet":"max-snippet:-1","max-image-preview":"max-image-preview:large","max-video-preview":"max-video-preview:-1"},"canonical":"https:\/\/www.iaavim.gob.ar\/?page_id=3574","og_locale":"es_ES","og_type":"article","og_title":"Contactos -","og_description":"Consejo Directivo Multisectorial del IAAviM \u00a0 \u00a0 \u00a0 \u00a0Equipo Operativo","og_url":"https:\/\/www.iaavim.gob.ar\/?page_id=3574","article_modified_time":"2025-10-06T15:38:38+00:00","twitter_card":"summary_large_image","twitter_misc":{"Tiempo de lectura":"2 minutos"},"schema":{"@context":"https:\/\/schema.org","@graph":[{"@type":"WebPage","@id":"https:\/\/www.iaavim.gob.ar\/?page_id=3574","url":"https:\/\/www.iaavim.gob.ar\/?page_id=3574","name":"Contactos -","isPartOf":{"@id":"\/#website"},"datePublished":"2017-11-29T14:15:40+00:00","dateModified":"2025-10-06T15:38:38+00:00","breadcrumb":{"@id":"https:\/\/www.iaavim.gob.ar\/?page_id=3574#breadcrumb"},"inLanguage":"es-AR","potentialAction":[{"@type":"ReadAction","target":["https:\/\/www.iaavim.gob.ar\/?page_id=3574"]}]},{"@type":"BreadcrumbList","@id":"https:\/\/www.iaavim.gob.ar\/?page_id=3574#breadcrumb","itemListElement":[{"@type":"ListItem","position":1,"name":"Inicio","item":"https:\/\/www.iaavim.gob.ar\/"},{"@type":"ListItem","position":2,"name":"Contactos"}]},{"@type":"WebSite","@id":"\/#website","url":"\/","name":"","description":"Sitio oficial del IAAviM","publisher":{"@id":"\/#organization"},"potentialAction":[{"@type":"SearchAction","target":{"@type":"EntryPoint","urlTemplate":"\/?s={search_term_string}"},"query-input":{"@type":"PropertyValueSpecification","valueRequired":true,"valueName":"search_term_string"}}],"inLanguage":"es-AR"},{"@type":"Organization","@id":"\/#organization","name":"Instituto de Artes Audiovisuales de Misiones","url":"\/","logo":{"@type":"ImageObject","inLanguage":"es-AR","@id":"\/#\/schema\/logo\/image\/","url":"https:\/\/iaavim.misiones.gob.ar\/wp-content\/uploads\/2021\/07\/logo-iaavim-preview.png.jpg","contentUrl":"https:\/\/iaavim.misiones.gob.ar\/wp-content\/uploads\/2021\/07\/logo-iaavim-preview.png.jpg","width":1200,"height":675,"caption":"Instituto de Artes Audiovisuales de Misiones"},"image":{"@id":"\/#\/schema\/logo\/image\/"}}]}},"_links":{"self":[{"href":"https:\/\/www.iaavim.gob.ar\/index.php?rest_route=\/wp\/v2\/pages\/3574","targetHints":{"allow":["GET"]}}],"collection":[{"href":"https:\/\/www.iaavim.gob.ar\/index.php?rest_route=\/wp\/v2\/pages"}],"about":[{"href":"https:\/\/www.iaavim.gob.ar\/index.php?rest_route=\/wp\/v2\/types\/page"}],"author":[{"embeddable":true,"href":"https:\/\/www.iaavim.gob.ar\/index.php?rest_route=\/wp\/v2\/users\/2"}],"replies":[{"embeddable":true,"href":"https:\/\/www.iaavim.gob.ar\/index.php?rest_route=%2Fwp%2Fv2%2Fcomments&post=3574"}],"version-history":[{"count":49,"href":"https:\/\/www.iaavim.gob.ar\/index.php?rest_route=\/wp\/v2\/pages\/3574\/revisions"}],"predecessor-version":[{"id":15443,"href":"https:\/\/www.iaavim.gob.ar\/index.php?rest_route=\/wp\/v2\/pages\/3574\/revisions\/15443"}],"wp:attachment":[{"href":"https:\/\/www.iaavim.gob.ar\/index.php?rest_route=%2Fwp%2Fv2%2Fmedia&parent=3574"}],"wp:term":[{"taxonomy":"post_tag","embeddable":true,"href":"https:\/\/www.iaavim.gob.ar\/index.php?rest_route=%2Fwp%2Fv2%2Ftags&post=3574"}],"curies":[{"name":"wp","href":"https:\/\/api.w.org\/{rel}","templated":true}]}}