{"id":177,"date":"2016-04-28T09:51:16","date_gmt":"2016-04-28T12:51:16","guid":{"rendered":"http:\/\/www.iaavim.misiones.gov.ar\/?page_id=177"},"modified":"2022-06-30T13:03:14","modified_gmt":"2022-06-30T16:03:14","slug":"quienes-somos","status":"publish","type":"page","link":"https:\/\/www.iaavim.gob.ar\/?page_id=177","title":{"rendered":"\u00bfQui\u00e9nes somos?"},"content":{"rendered":"\n<p>El <strong>Instituto de Artes Audiovisuales de Misiones -IAAviM-<\/strong> es un ente aut\u00e1rquico provincial, que actualmente funciona en el \u00e1mbito de la <strong>Secretar\u00eda de Estado de Cultura de la Provincia<\/strong>, y tiene a su cargo la implementaci\u00f3n de la <strong>Ley VI N\u00ba 171 de Promoci\u00f3n Audiovisual<\/strong> <strong>de Misiones.<\/strong><\/p>\n\n\n\n<p>Su constituci\u00f3n es fruto del trabajo de a\u00f1os de realizadores, t\u00e9cnicos y t\u00e9cnicas, productores, documentalistas, comunicadores, gestores culturales, actores y actrices, que integraron el movimiento que impuls\u00f3 la sanci\u00f3n de la Ley.&nbsp;<\/p>\n\n\n\n<p>La misi\u00f3n del IAAviM est\u00e1 centrada en la <strong>promoci\u00f3n y fomento de las obras audiovisuales como patrimonio de todos los misioneros<\/strong>. Dar valor a la diversidad cultural, las identidades regionales y la libertad de expresi\u00f3n art\u00edstica, son&nbsp;principios&nbsp;del&nbsp;Instituto.<\/p>\n\n\n\n<p>En base a estos principios, el IAAviM dise\u00f1a estrategias y pol\u00edticas p\u00fablicas con el objetivo de desarrollar y fortalecer una red de producci\u00f3n, exhibici\u00f3n y circulaci\u00f3n audiovisual, econ\u00f3micamente sustentable, socialmente justa y t\u00e9cnicamente viable.<\/p>\n\n\n\n<h3 class=\"wp-block-heading\">Objetivos<\/h3>\n\n\n\n<ul class=\"wp-block-list\"><li>Promover la producci\u00f3n audiovisual en la Provincia, orientada a la difusi\u00f3n de las realidades regionales, dando lugar a la diversidad de sus imaginarios culturales y tur\u00edsticos.<\/li><li>Apoyar y difundir la producci\u00f3n audiovisual local y a los diferentes sectores productivos involucrados en el proceso de realizaci\u00f3n, exhibici\u00f3n, distribuci\u00f3n, difusi\u00f3n y comercializaci\u00f3n de las obras audiovisuales.<\/li><li>Preservar las producciones regionales en el Archivo General Audiovisual para la conservaci\u00f3n y protecci\u00f3n de las mismas.<\/li><li>Contribuir a la articulaci\u00f3n de instituciones gubernamentales y no gubernamentales en las acciones de formaci\u00f3n de recursos humanos, realizaci\u00f3n, exhibici\u00f3n, distribuci\u00f3n, difusi\u00f3n y comercializaci\u00f3n de los productos audiovisuales locales.<\/li><li>Garantizar y fomentar espacios de producci\u00f3n audiovisual comunitaria.<\/li><li>Asegurar la circulaci\u00f3n, exhibici\u00f3n, difusi\u00f3n de las obras audiovisuales y el libre acceso de las mismas a la poblaci\u00f3n, garantizando el pleno ejercicio de los derechos culturales.<\/li><li>Incentivar las investigaciones y el desarrollo de nuevos lenguajes audiovisuales y nuevas tecnolog\u00edas.<\/li><li>Instrumentar mecanismos que posibiliten el acceso a infraestructura, equipamiento y servicios necesarios para las producciones audiovisuales.<\/li><\/ul>\n\n\n\n<div style=\"height:20px\" aria-hidden=\"true\" class=\"wp-block-spacer\"><\/div>\n\n\n\n<h2 class=\"has-text-align-center wp-block-heading\"><strong>Consejo Directivo Multisectorial<\/strong><\/h2>\n\n\n\n<p>El IAAviM se distingue por contar con un Consejo Directivo multisectorial que permite que est\u00e9n representados tanto los y las trabajadoras audiovisuales, como los sectores acad\u00e9micos y de las organizaciones gremiales.<\/p>\n\n\n\n<p>El mismo est\u00e1 integrado por:<\/p>\n\n\n\n<ul class=\"wp-block-list\"><li>Un representante del Poder Ejecutivo Provincial (coordinador representante institucional y legal);<\/li><li>Cuatro Consejeros, representantes de cada uno de los Distritos Audiovisuales;<\/li><li>Un representante de la Universidad Nacional de Misiones;<\/li><li>Un representante de las entidades sindicales del medio audiovisual.<\/li><\/ul>\n\n\n\n<div style=\"height:20px\" aria-hidden=\"true\" class=\"wp-block-spacer\"><\/div>\n\n\n\n<h2 class=\"has-text-align-center wp-block-heading\"><strong>Participaci\u00f3n del sector audiovisual<\/strong><\/h2>\n\n\n\n<p>Dentro de este \u00f3rgano colegiado destaca la participaci\u00f3n mayoritaria del sector, a trav\u00e9s de consejeros que son elegidos por los propios trabajadores de la provincia, ubicados en los Distritos Audiovisuales Sur, Norte, Paran\u00e1 y Uruguay.&nbsp;<\/p>\n\n\n\n<p>La diferenciaci\u00f3n en regiones tiene como objetivo facilitar la participaci\u00f3n y lograr un trabajo equitativo e igualitario, atendiendo las demandas territoriales de cada distrito. Los mismos abarcan los siguientes Departamentos:<\/p>\n\n\n\n<p><strong>Distrito Norte: <\/strong>Iguaz\u00fa, General Manuel Belgrano, Eldorado y San Pedro.<\/p>\n\n\n\n<p><strong>Distrito Uruguay:<\/strong> Ober\u00e1, Leandro N. Alem, Guaran\u00ed, 25 de Mayo, Caingu\u00e1s y San Javier.<\/p>\n\n\n\n<p><strong>Distrito Paran\u00e1:<\/strong> Libertador Gral. San Mart\u00edn, Montecarlo y San Ignacio y los municipios Cerro Cor\u00e1, Loreto, M\u00e1rtires, Profundidad y Santa Ana del Departamento Candelaria.<\/p>\n\n\n\n<p><strong>Distrito Sur: <\/strong>Capital, Ap\u00f3stoles, Concepci\u00f3n de la Sierra y el municipio de Candelaria.<\/p>\n\n\n\n<p>Esta organizaci\u00f3n permite que las y los trabajadores audiovisuales de la provincia se re\u00fanan peri\u00f3dicamente para analizar la actualidad de la actividad en su regi\u00f3n y acercar propuestas que enriquezcan las l\u00edneas de acci\u00f3n del IAAviM.<\/p>\n\n\n\n<p>Asimismo, cada dos a\u00f1os, se lleva a cabo el Foro Consultivo de Pol\u00edticas P\u00fablicas Audiovisuales de Misiones con el objetivo de reunir, tanto a los actores vinculados a cada una de las \u00e1reas de la cadena de producci\u00f3n audiovisual como a aquellos que se desempe\u00f1an en las \u00e1reas comunitarias, educativas, experimentales y en organizaciones relacionadas a la actividad, para discutir y consensuar las bases de las estrategias que el Instituto dise\u00f1ar\u00e1 e implementar\u00e1 en los siguientes a\u00f1os.<\/p>\n","protected":false},"excerpt":{"rendered":"<p>El Instituto de Artes Audiovisuales de Misiones -IAAviM- es un ente aut\u00e1rquico provincial, que actualmente funciona en el \u00e1mbito de la Secretar\u00eda de Estado de Cultura de la Provincia, y tiene a su cargo la implementaci\u00f3n de la Ley VI N\u00ba 171 de Promoci\u00f3n Audiovisual de Misiones. Su constituci\u00f3n es fruto del trabajo de a\u00f1os &hellip;<\/p>\n","protected":false},"author":2,"featured_media":0,"parent":0,"menu_order":0,"comment_status":"closed","ping_status":"closed","template":"","meta":{"_acf_changed":false,"footnotes":""},"tags":[],"class_list":["post-177","page","type-page","status-publish","hentry"],"acf":[],"yoast_head":"<!-- This site is optimized with the Yoast SEO plugin v25.8 - https:\/\/yoast.com\/wordpress\/plugins\/seo\/ -->\n<title>\u00bfQui\u00e9nes somos? -<\/title>\n<meta name=\"description\" content=\"El Instituto de Artes Audiovisuales de Misiones -IAAviM- es un ente aut\u00e1rquico, que actualmente funciona en el \u00e1mbito de la Secretar\u00eda de Estado de Cultura de la Provincia, y tiene a su cargo la implementaci\u00f3n de la Ley VI N\u00ba 171 de Promoci\u00f3n Audiovisual de Misiones.\" \/>\n<meta name=\"robots\" content=\"index, follow, max-snippet:-1, max-image-preview:large, max-video-preview:-1\" \/>\n<link rel=\"canonical\" href=\"https:\/\/www.iaavim.gob.ar\/?page_id=177\" \/>\n<meta property=\"og:locale\" content=\"es_ES\" \/>\n<meta property=\"og:type\" content=\"article\" \/>\n<meta property=\"og:title\" content=\"\u00bfQui\u00e9nes somos? -\" \/>\n<meta property=\"og:description\" content=\"El Instituto de Artes Audiovisuales de Misiones -IAAviM- es un ente aut\u00e1rquico, que actualmente funciona en el \u00e1mbito de la Secretar\u00eda de Estado de Cultura de la Provincia, y tiene a su cargo la implementaci\u00f3n de la Ley VI N\u00ba 171 de Promoci\u00f3n Audiovisual de Misiones.\" \/>\n<meta property=\"og:url\" content=\"https:\/\/www.iaavim.gob.ar\/?page_id=177\" \/>\n<meta property=\"article:modified_time\" content=\"2022-06-30T16:03:14+00:00\" \/>\n<meta name=\"twitter:card\" content=\"summary_large_image\" \/>\n<meta name=\"twitter:label1\" content=\"Tiempo de lectura\" \/>\n\t<meta name=\"twitter:data1\" content=\"3 minutos\" \/>\n<script type=\"application\/ld+json\" class=\"yoast-schema-graph\">{\"@context\":\"https:\/\/schema.org\",\"@graph\":[{\"@type\":\"WebPage\",\"@id\":\"https:\/\/www.iaavim.gob.ar\/?page_id=177\",\"url\":\"https:\/\/www.iaavim.gob.ar\/?page_id=177\",\"name\":\"\u00bfQui\u00e9nes somos? -\",\"isPartOf\":{\"@id\":\"\/#website\"},\"datePublished\":\"2016-04-28T12:51:16+00:00\",\"dateModified\":\"2022-06-30T16:03:14+00:00\",\"description\":\"El Instituto de Artes Audiovisuales de Misiones -IAAviM- es un ente aut\u00e1rquico, que actualmente funciona en el \u00e1mbito de la Secretar\u00eda de Estado de Cultura de la Provincia, y tiene a su cargo la implementaci\u00f3n de la Ley VI N\u00ba 171 de Promoci\u00f3n Audiovisual de Misiones.\",\"breadcrumb\":{\"@id\":\"https:\/\/www.iaavim.gob.ar\/?page_id=177#breadcrumb\"},\"inLanguage\":\"es-AR\",\"potentialAction\":[{\"@type\":\"ReadAction\",\"target\":[\"https:\/\/www.iaavim.gob.ar\/?page_id=177\"]}]},{\"@type\":\"BreadcrumbList\",\"@id\":\"https:\/\/www.iaavim.gob.ar\/?page_id=177#breadcrumb\",\"itemListElement\":[{\"@type\":\"ListItem\",\"position\":1,\"name\":\"Inicio\",\"item\":\"https:\/\/www.iaavim.gob.ar\/\"},{\"@type\":\"ListItem\",\"position\":2,\"name\":\"\u00bfQui\u00e9nes somos?\"}]},{\"@type\":\"WebSite\",\"@id\":\"\/#website\",\"url\":\"\/\",\"name\":\"\",\"description\":\"Sitio oficial del IAAviM\",\"publisher\":{\"@id\":\"\/#organization\"},\"potentialAction\":[{\"@type\":\"SearchAction\",\"target\":{\"@type\":\"EntryPoint\",\"urlTemplate\":\"\/?s={search_term_string}\"},\"query-input\":{\"@type\":\"PropertyValueSpecification\",\"valueRequired\":true,\"valueName\":\"search_term_string\"}}],\"inLanguage\":\"es-AR\"},{\"@type\":\"Organization\",\"@id\":\"\/#organization\",\"name\":\"Instituto de Artes Audiovisuales de Misiones\",\"url\":\"\/\",\"logo\":{\"@type\":\"ImageObject\",\"inLanguage\":\"es-AR\",\"@id\":\"\/#\/schema\/logo\/image\/\",\"url\":\"https:\/\/iaavim.misiones.gob.ar\/wp-content\/uploads\/2021\/07\/logo-iaavim-preview.png.jpg\",\"contentUrl\":\"https:\/\/iaavim.misiones.gob.ar\/wp-content\/uploads\/2021\/07\/logo-iaavim-preview.png.jpg\",\"width\":1200,\"height\":675,\"caption\":\"Instituto de Artes Audiovisuales de Misiones\"},\"image\":{\"@id\":\"\/#\/schema\/logo\/image\/\"}}]}<\/script>\n<!-- \/ Yoast SEO plugin. -->","yoast_head_json":{"title":"\u00bfQui\u00e9nes somos? -","description":"El Instituto de Artes Audiovisuales de Misiones -IAAviM- es un ente aut\u00e1rquico, que actualmente funciona en el \u00e1mbito de la Secretar\u00eda de Estado de Cultura de la Provincia, y tiene a su cargo la implementaci\u00f3n de la Ley VI N\u00ba 171 de Promoci\u00f3n Audiovisual de Misiones.","robots":{"index":"index","follow":"follow","max-snippet":"max-snippet:-1","max-image-preview":"max-image-preview:large","max-video-preview":"max-video-preview:-1"},"canonical":"https:\/\/www.iaavim.gob.ar\/?page_id=177","og_locale":"es_ES","og_type":"article","og_title":"\u00bfQui\u00e9nes somos? -","og_description":"El Instituto de Artes Audiovisuales de Misiones -IAAviM- es un ente aut\u00e1rquico, que actualmente funciona en el \u00e1mbito de la Secretar\u00eda de Estado de Cultura de la Provincia, y tiene a su cargo la implementaci\u00f3n de la Ley VI N\u00ba 171 de Promoci\u00f3n Audiovisual de Misiones.","og_url":"https:\/\/www.iaavim.gob.ar\/?page_id=177","article_modified_time":"2022-06-30T16:03:14+00:00","twitter_card":"summary_large_image","twitter_misc":{"Tiempo de lectura":"3 minutos"},"schema":{"@context":"https:\/\/schema.org","@graph":[{"@type":"WebPage","@id":"https:\/\/www.iaavim.gob.ar\/?page_id=177","url":"https:\/\/www.iaavim.gob.ar\/?page_id=177","name":"\u00bfQui\u00e9nes somos? -","isPartOf":{"@id":"\/#website"},"datePublished":"2016-04-28T12:51:16+00:00","dateModified":"2022-06-30T16:03:14+00:00","description":"El Instituto de Artes Audiovisuales de Misiones -IAAviM- es un ente aut\u00e1rquico, que actualmente funciona en el \u00e1mbito de la Secretar\u00eda de Estado de Cultura de la Provincia, y tiene a su cargo la implementaci\u00f3n de la Ley VI N\u00ba 171 de Promoci\u00f3n Audiovisual de Misiones.","breadcrumb":{"@id":"https:\/\/www.iaavim.gob.ar\/?page_id=177#breadcrumb"},"inLanguage":"es-AR","potentialAction":[{"@type":"ReadAction","target":["https:\/\/www.iaavim.gob.ar\/?page_id=177"]}]},{"@type":"BreadcrumbList","@id":"https:\/\/www.iaavim.gob.ar\/?page_id=177#breadcrumb","itemListElement":[{"@type":"ListItem","position":1,"name":"Inicio","item":"https:\/\/www.iaavim.gob.ar\/"},{"@type":"ListItem","position":2,"name":"\u00bfQui\u00e9nes somos?"}]},{"@type":"WebSite","@id":"\/#website","url":"\/","name":"","description":"Sitio oficial del IAAviM","publisher":{"@id":"\/#organization"},"potentialAction":[{"@type":"SearchAction","target":{"@type":"EntryPoint","urlTemplate":"\/?s={search_term_string}"},"query-input":{"@type":"PropertyValueSpecification","valueRequired":true,"valueName":"search_term_string"}}],"inLanguage":"es-AR"},{"@type":"Organization","@id":"\/#organization","name":"Instituto de Artes Audiovisuales de Misiones","url":"\/","logo":{"@type":"ImageObject","inLanguage":"es-AR","@id":"\/#\/schema\/logo\/image\/","url":"https:\/\/iaavim.misiones.gob.ar\/wp-content\/uploads\/2021\/07\/logo-iaavim-preview.png.jpg","contentUrl":"https:\/\/iaavim.misiones.gob.ar\/wp-content\/uploads\/2021\/07\/logo-iaavim-preview.png.jpg","width":1200,"height":675,"caption":"Instituto de Artes Audiovisuales de Misiones"},"image":{"@id":"\/#\/schema\/logo\/image\/"}}]}},"_links":{"self":[{"href":"https:\/\/www.iaavim.gob.ar\/index.php?rest_route=\/wp\/v2\/pages\/177","targetHints":{"allow":["GET"]}}],"collection":[{"href":"https:\/\/www.iaavim.gob.ar\/index.php?rest_route=\/wp\/v2\/pages"}],"about":[{"href":"https:\/\/www.iaavim.gob.ar\/index.php?rest_route=\/wp\/v2\/types\/page"}],"author":[{"embeddable":true,"href":"https:\/\/www.iaavim.gob.ar\/index.php?rest_route=\/wp\/v2\/users\/2"}],"replies":[{"embeddable":true,"href":"https:\/\/www.iaavim.gob.ar\/index.php?rest_route=%2Fwp%2Fv2%2Fcomments&post=177"}],"version-history":[{"count":6,"href":"https:\/\/www.iaavim.gob.ar\/index.php?rest_route=\/wp\/v2\/pages\/177\/revisions"}],"predecessor-version":[{"id":11984,"href":"https:\/\/www.iaavim.gob.ar\/index.php?rest_route=\/wp\/v2\/pages\/177\/revisions\/11984"}],"wp:attachment":[{"href":"https:\/\/www.iaavim.gob.ar\/index.php?rest_route=%2Fwp%2Fv2%2Fmedia&parent=177"}],"wp:term":[{"taxonomy":"post_tag","embeddable":true,"href":"https:\/\/www.iaavim.gob.ar\/index.php?rest_route=%2Fwp%2Fv2%2Ftags&post=177"}],"curies":[{"name":"wp","href":"https:\/\/api.w.org\/{rel}","templated":true}]}}