{"id":11980,"date":"2022-06-30T12:47:56","date_gmt":"2022-06-30T15:47:56","guid":{"rendered":"https:\/\/iaavim.com\/?page_id=11980"},"modified":"2022-06-30T13:10:57","modified_gmt":"2022-06-30T16:10:57","slug":"fomento","status":"publish","type":"page","link":"https:\/\/www.iaavim.gob.ar\/?page_id=11980","title":{"rendered":"Fomento"},"content":{"rendered":"\n<p>El fomento a obras misioneras o coproducciones es uno de los ejes centrales de la Ley VI 171 de Promoci\u00f3n Audiovisual de la provincia.&nbsp;<\/p>\n\n\n\n<p>Desde la creaci\u00f3n del IAAviM, se trabaj\u00f3 arduamente en el dise\u00f1o de estrategias que apuntalaran el incipiente desarrollo cinematogr\u00e1fico hasta alcanzar, en la actualidad, un reconocimiento a nivel nacional y regional por el volumen y calidad de las producciones realizadas por profesionales de Misiones.<\/p>\n\n\n\n<p>En este marco, la Gerencia de Fomento cumple un rol fundamental en la gesti\u00f3n de las principales l\u00edneas destinadas al fortalecimiento de la actividad audiovisual. Algunos de los ejes de trabajo son:<\/p>\n\n\n\n<div style=\"height:30px\" aria-hidden=\"true\" class=\"wp-block-spacer\"><\/div>\n\n\n\n<h3 class=\"wp-block-heading\">\u2756 <strong>Convocatorias de fomento<\/strong><\/h3>\n\n\n\n<p>En base a las diversas instancias de di\u00e1logo con el sector, el equipo de Fomento dise\u00f1a convocatorias que apuntan a las fases de desarrollo, producci\u00f3n y postproducci\u00f3n; tanto para proyectos de cortometrajes, largometrajes y series de ficci\u00f3n, documental o animaci\u00f3n; como otros formatos (videoclip, microrrelatos, etc.).<\/p>\n\n\n\n<p>Tambi\u00e9n se ocupa de la recepci\u00f3n de las carpetas y la constataci\u00f3n de la documentaci\u00f3n solicitada. Adem\u00e1s, realiza un seguimiento exhaustivo de los proyectos ganadores en las distintas instancias, brindando asistencia t\u00e9cnica a los mismos.<\/p>\n\n\n\n<div style=\"height:30px\" aria-hidden=\"true\" class=\"wp-block-spacer\"><\/div>\n\n\n\n<h3 class=\"wp-block-heading\">\u2756 <strong>L\u00ednea de Exploraci\u00f3n de Mercados y Captaci\u00f3n de Inversiones<\/strong><\/h3>\n\n\n\n<p>Desde el \u00e1rea se promueve la participaci\u00f3n de productores y productoras en distintos mercados audiovisuales nacionales e internacionales, con el prop\u00f3sito de sumar oportunidades de fortalecimiento y desarrollo de los proyectos misioneros. A su vez, se propicia el encuentro con players para ampliar las posibilidades de coproducci\u00f3n, distribuci\u00f3n y exhibici\u00f3n.&nbsp;<\/p>\n\n\n\n<p>Por otro lado, la presencia del IAAviM en estos eventos de negociaci\u00f3n permite la visibilizaci\u00f3n general de los proyectos misioneros a trav\u00e9s del Cat\u00e1logo Audiovisual y proporciona un aval institucional a productores y productoras que asisten en busca de alianzas para la realizaci\u00f3n de las obras.<\/p>\n\n\n\n<p>Adem\u00e1s, con el objetivo de acompa\u00f1ar y fortalecer los proyectos para que los mismos lleguen consolidados a las instancias de mercados y convocatorias, la Gerencia de Fomento trabaja en articulaci\u00f3n con el \u00e1rea de Capacitaci\u00f3n en propuestas de formaci\u00f3n, actualizaci\u00f3n profesional y laboratorios de desarrollo de proyectos.<\/p>\n\n\n\n<div style=\"height:30px\" aria-hidden=\"true\" class=\"wp-block-spacer\"><\/div>\n\n\n\n<h3 class=\"wp-block-heading\">\u2756 <strong>Participaci\u00f3n en Mercados Audiovisuales<\/strong><\/h3>\n\n\n\n<ul class=\"wp-block-list\"><li>NATPE (Miami) como parte de la Delegaci\u00f3n Argentina.<\/li><li>BAWEBFEST (BsAs)<\/li><li>Misi\u00f3n Inversa al Pa\u00eds Vasco. Invitaci\u00f3n del Cl\u00faster Eiken (Bilbao &#8211; Espa\u00f1a)<\/li><li>MICA Patagonia (Bariloche) invitaci\u00f3n del Ministerio de Cultura Naci\u00f3n<\/li><li>Florian\u00f3polis Audiovisual Mercosul -FAM-. (Florian\u00f3polis &#8211; Brasil)<\/li><li>NordesteLab (Salvador, Bahia &#8211; Brasil)<\/li><li>Gramado Film Market (Gramado &#8211; Brasil)<\/li><li>Festival y Mercado de San Sebasti\u00e1n (San Sebasti\u00e1n, Pa\u00eds Vasco &#8211; Espa\u00f1a)<\/li><li>MICBR (San Pablo &#8211; Brasil)<\/li><li>Sul Market Audiovisual (Porto Alegre &#8211; Brasil)<\/li><li>Ventana Sur (Buenos Aires)<\/li><\/ul>\n\n\n\n<div style=\"height:30px\" aria-hidden=\"true\" class=\"wp-block-spacer\"><\/div>\n\n\n\n<h3 class=\"wp-block-heading\">\u2756 <strong>Convenios y v\u00ednculos institucionales&nbsp;<\/strong><\/h3>\n\n\n\n<ul class=\"wp-block-list\"><li>BAWEBFEST<\/li><li>LABEX\u00a0<\/li><li>NordesteLab<\/li><li>Euskadi &#8211; IAAviM \/ Programa Labko<\/li><li>CAAR (Mendoza, C\u00f3rdoba, Santa Fe, Tucum\u00e1n, CABA, IAAviM)<\/li><li>Polo Audiovisual C\u00f3rdoba<\/li><li>ANICA (Italia)<\/li><li>Instituto Nacional del Audiovisual Paraguayo INAP<\/li><\/ul>\n\n\n\n<div style=\"height:74px\" aria-hidden=\"true\" class=\"wp-block-spacer\"><\/div>\n\n\n\n<div class=\"wp-block-columns is-layout-flex wp-container-core-columns-is-layout-9d6595d7 wp-block-columns-is-layout-flex\">\n<div class=\"wp-block-column is-layout-flow wp-block-column-is-layout-flow\">\n<figure class=\"wp-block-embed is-type-video is-provider-youtube wp-block-embed-youtube wp-embed-aspect-16-9 wp-has-aspect-ratio\"><div class=\"wp-block-embed__wrapper\">\n<iframe loading=\"lazy\"  id=\"_ytid_35928\"  width=\"480\" height=\"270\"  data-origwidth=\"480\" data-origheight=\"270\" src=\"https:\/\/www.youtube.com\/embed\/T6XoEjRG0WA?enablejsapi=1&#038;autoplay=0&#038;cc_load_policy=0&#038;cc_lang_pref=&#038;iv_load_policy=1&#038;loop=0&#038;rel=0&#038;fs=1&#038;playsinline=0&#038;autohide=2&#038;hl=es_AR&#038;theme=dark&#038;color=red&#038;controls=1&#038;disablekb=0&#038;\" class=\"__youtube_prefs__  epyt-is-override  no-lazyload\" title=\"YouTube player\"  allow=\"fullscreen; accelerometer; autoplay; clipboard-write; encrypted-media; gyroscope; picture-in-picture; web-share\" referrerpolicy=\"strict-origin-when-cross-origin\" allowfullscreen data-no-lazy=\"1\" data-skipgform_ajax_framebjll=\"\"><\/iframe>\n<\/div><\/figure>\n<\/div>\n\n\n\n<div class=\"wp-block-column is-layout-flow wp-block-column-is-layout-flow\">\n<figure class=\"wp-block-embed is-type-video is-provider-youtube wp-block-embed-youtube wp-embed-aspect-16-9 wp-has-aspect-ratio\"><div class=\"wp-block-embed__wrapper\">\n<iframe loading=\"lazy\"  id=\"_ytid_77379\"  width=\"480\" height=\"270\"  data-origwidth=\"480\" data-origheight=\"270\" src=\"https:\/\/www.youtube.com\/embed\/10BrjJQeau4?enablejsapi=1&#038;autoplay=0&#038;cc_load_policy=0&#038;cc_lang_pref=&#038;iv_load_policy=1&#038;loop=0&#038;rel=0&#038;fs=1&#038;playsinline=0&#038;autohide=2&#038;hl=es_AR&#038;theme=dark&#038;color=red&#038;controls=1&#038;disablekb=0&#038;\" class=\"__youtube_prefs__  epyt-is-override  no-lazyload\" title=\"YouTube player\"  allow=\"fullscreen; accelerometer; autoplay; clipboard-write; encrypted-media; gyroscope; picture-in-picture; web-share\" referrerpolicy=\"strict-origin-when-cross-origin\" allowfullscreen data-no-lazy=\"1\" data-skipgform_ajax_framebjll=\"\"><\/iframe>\n<\/div><\/figure>\n<\/div>\n\n\n\n<div class=\"wp-block-column is-layout-flow wp-block-column-is-layout-flow\">\n<figure class=\"wp-block-embed is-type-video is-provider-youtube wp-block-embed-youtube wp-embed-aspect-16-9 wp-has-aspect-ratio\"><div class=\"wp-block-embed__wrapper\">\n<iframe loading=\"lazy\"  id=\"_ytid_96380\"  width=\"480\" height=\"270\"  data-origwidth=\"480\" data-origheight=\"270\" src=\"https:\/\/www.youtube.com\/embed\/hnGzFD9j9eg?enablejsapi=1&#038;autoplay=0&#038;cc_load_policy=0&#038;cc_lang_pref=&#038;iv_load_policy=1&#038;loop=0&#038;rel=0&#038;fs=1&#038;playsinline=0&#038;autohide=2&#038;hl=es_AR&#038;theme=dark&#038;color=red&#038;controls=1&#038;disablekb=0&#038;\" class=\"__youtube_prefs__  epyt-is-override  no-lazyload\" title=\"YouTube player\"  allow=\"fullscreen; accelerometer; autoplay; clipboard-write; encrypted-media; gyroscope; picture-in-picture; web-share\" referrerpolicy=\"strict-origin-when-cross-origin\" allowfullscreen data-no-lazy=\"1\" data-skipgform_ajax_framebjll=\"\"><\/iframe>\n<\/div><\/figure>\n<\/div>\n<\/div>\n\n\n\n<div style=\"height:30px\" aria-hidden=\"true\" class=\"wp-block-spacer\"><\/div>\n\n\n\n<div class=\"wp-block-columns is-layout-flex wp-container-core-columns-is-layout-9d6595d7 wp-block-columns-is-layout-flex\">\n<div class=\"wp-block-column is-layout-flow wp-block-column-is-layout-flow\">\n<figure class=\"wp-block-embed is-type-video is-provider-youtube wp-block-embed-youtube wp-embed-aspect-16-9 wp-has-aspect-ratio\"><div class=\"wp-block-embed__wrapper\">\n<iframe loading=\"lazy\"  id=\"_ytid_88299\"  width=\"480\" height=\"270\"  data-origwidth=\"480\" data-origheight=\"270\" src=\"https:\/\/www.youtube.com\/embed\/CXu335Ss4-c?enablejsapi=1&#038;autoplay=0&#038;cc_load_policy=0&#038;cc_lang_pref=&#038;iv_load_policy=1&#038;loop=0&#038;rel=0&#038;fs=1&#038;playsinline=0&#038;autohide=2&#038;hl=es_AR&#038;theme=dark&#038;color=red&#038;controls=1&#038;disablekb=0&#038;\" class=\"__youtube_prefs__  epyt-is-override  no-lazyload\" title=\"YouTube player\"  allow=\"fullscreen; accelerometer; autoplay; clipboard-write; encrypted-media; gyroscope; picture-in-picture; web-share\" referrerpolicy=\"strict-origin-when-cross-origin\" allowfullscreen data-no-lazy=\"1\" data-skipgform_ajax_framebjll=\"\"><\/iframe>\n<\/div><\/figure>\n<\/div>\n\n\n\n<div class=\"wp-block-column is-layout-flow wp-block-column-is-layout-flow\">\n<figure class=\"wp-block-embed is-type-video is-provider-youtube wp-block-embed-youtube wp-embed-aspect-16-9 wp-has-aspect-ratio\"><div class=\"wp-block-embed__wrapper\">\n<iframe loading=\"lazy\"  id=\"_ytid_33922\"  width=\"480\" height=\"270\"  data-origwidth=\"480\" data-origheight=\"270\" src=\"https:\/\/www.youtube.com\/embed\/653J2FyH5dk?enablejsapi=1&#038;autoplay=0&#038;cc_load_policy=0&#038;cc_lang_pref=&#038;iv_load_policy=1&#038;loop=0&#038;rel=0&#038;fs=1&#038;playsinline=0&#038;autohide=2&#038;hl=es_AR&#038;theme=dark&#038;color=red&#038;controls=1&#038;disablekb=0&#038;\" class=\"__youtube_prefs__  epyt-is-override  no-lazyload\" title=\"YouTube player\"  allow=\"fullscreen; accelerometer; autoplay; clipboard-write; encrypted-media; gyroscope; picture-in-picture; web-share\" referrerpolicy=\"strict-origin-when-cross-origin\" allowfullscreen data-no-lazy=\"1\" data-skipgform_ajax_framebjll=\"\"><\/iframe>\n<\/div><\/figure>\n<\/div>\n\n\n\n<div class=\"wp-block-column is-layout-flow wp-block-column-is-layout-flow\">\n<figure class=\"wp-block-embed is-type-video is-provider-youtube wp-block-embed-youtube wp-embed-aspect-16-9 wp-has-aspect-ratio\"><div class=\"wp-block-embed__wrapper\">\n<iframe loading=\"lazy\"  id=\"_ytid_13459\"  width=\"480\" height=\"270\"  data-origwidth=\"480\" data-origheight=\"270\" src=\"https:\/\/www.youtube.com\/embed\/VXJA-SNXioQ?enablejsapi=1&#038;autoplay=0&#038;cc_load_policy=0&#038;cc_lang_pref=&#038;iv_load_policy=1&#038;loop=0&#038;rel=0&#038;fs=1&#038;playsinline=0&#038;autohide=2&#038;hl=es_AR&#038;theme=dark&#038;color=red&#038;controls=1&#038;disablekb=0&#038;\" class=\"__youtube_prefs__  epyt-is-override  no-lazyload\" title=\"YouTube player\"  allow=\"fullscreen; accelerometer; autoplay; clipboard-write; encrypted-media; gyroscope; picture-in-picture; web-share\" referrerpolicy=\"strict-origin-when-cross-origin\" allowfullscreen data-no-lazy=\"1\" data-skipgform_ajax_framebjll=\"\"><\/iframe>\n<\/div><\/figure>\n<\/div>\n<\/div>\n\n\n\n<div style=\"height:100px\" aria-hidden=\"true\" class=\"wp-block-spacer\"><\/div>\n","protected":false},"excerpt":{"rendered":"<p>El fomento a obras misioneras o coproducciones es uno de los ejes centrales de la Ley VI 171 de Promoci\u00f3n Audiovisual de la provincia.&nbsp; Desde la creaci\u00f3n del IAAviM, se trabaj\u00f3 arduamente en el dise\u00f1o de estrategias que apuntalaran el incipiente desarrollo cinematogr\u00e1fico hasta alcanzar, en la actualidad, un reconocimiento a nivel nacional y regional &hellip;<\/p>\n","protected":false},"author":2,"featured_media":0,"parent":0,"menu_order":0,"comment_status":"closed","ping_status":"closed","template":"","meta":{"_acf_changed":false,"footnotes":""},"tags":[551,523,103,396,383],"class_list":["post-11980","page","type-page","status-publish","hentry","tag-convocatorias","tag-exploracion-de-mercados","tag-fomento","tag-mercado-audiovisual-entre-fronteras","tag-mercados-audiovisuales"],"acf":[],"yoast_head":"<!-- This site is optimized with the Yoast SEO plugin v25.8 - https:\/\/yoast.com\/wordpress\/plugins\/seo\/ -->\n<title>Fomento -<\/title>\n<meta name=\"description\" content=\"La Gerencia de Fomento del IAAviM tiene a su cargo el dise\u00f1o de estrategias y gesti\u00f3n de acciones de promoci\u00f3n del audiovisual misionero.\" \/>\n<meta name=\"robots\" content=\"index, follow, max-snippet:-1, max-image-preview:large, max-video-preview:-1\" \/>\n<link rel=\"canonical\" href=\"https:\/\/www.iaavim.gob.ar\/?page_id=11980\" \/>\n<meta property=\"og:locale\" content=\"es_ES\" \/>\n<meta property=\"og:type\" content=\"article\" \/>\n<meta property=\"og:title\" content=\"Fomento -\" \/>\n<meta property=\"og:description\" content=\"La Gerencia de Fomento del IAAviM tiene a su cargo el dise\u00f1o de estrategias y gesti\u00f3n de acciones de promoci\u00f3n del audiovisual misionero.\" \/>\n<meta property=\"og:url\" content=\"https:\/\/www.iaavim.gob.ar\/?page_id=11980\" \/>\n<meta property=\"article:modified_time\" content=\"2022-06-30T16:10:57+00:00\" \/>\n<meta name=\"twitter:card\" content=\"summary_large_image\" \/>\n<meta name=\"twitter:label1\" content=\"Tiempo de lectura\" \/>\n\t<meta name=\"twitter:data1\" content=\"3 minutos\" \/>\n<script type=\"application\/ld+json\" class=\"yoast-schema-graph\">{\"@context\":\"https:\/\/schema.org\",\"@graph\":[{\"@type\":\"WebPage\",\"@id\":\"https:\/\/www.iaavim.gob.ar\/?page_id=11980\",\"url\":\"https:\/\/www.iaavim.gob.ar\/?page_id=11980\",\"name\":\"Fomento -\",\"isPartOf\":{\"@id\":\"\/#website\"},\"datePublished\":\"2022-06-30T15:47:56+00:00\",\"dateModified\":\"2022-06-30T16:10:57+00:00\",\"description\":\"La Gerencia de Fomento del IAAviM tiene a su cargo el dise\u00f1o de estrategias y gesti\u00f3n de acciones de promoci\u00f3n del audiovisual misionero.\",\"breadcrumb\":{\"@id\":\"https:\/\/www.iaavim.gob.ar\/?page_id=11980#breadcrumb\"},\"inLanguage\":\"es-AR\",\"potentialAction\":[{\"@type\":\"ReadAction\",\"target\":[\"https:\/\/www.iaavim.gob.ar\/?page_id=11980\"]}]},{\"@type\":\"BreadcrumbList\",\"@id\":\"https:\/\/www.iaavim.gob.ar\/?page_id=11980#breadcrumb\",\"itemListElement\":[{\"@type\":\"ListItem\",\"position\":1,\"name\":\"Inicio\",\"item\":\"https:\/\/www.iaavim.gob.ar\/\"},{\"@type\":\"ListItem\",\"position\":2,\"name\":\"Fomento\"}]},{\"@type\":\"WebSite\",\"@id\":\"\/#website\",\"url\":\"\/\",\"name\":\"\",\"description\":\"Sitio oficial del IAAviM\",\"publisher\":{\"@id\":\"\/#organization\"},\"potentialAction\":[{\"@type\":\"SearchAction\",\"target\":{\"@type\":\"EntryPoint\",\"urlTemplate\":\"\/?s={search_term_string}\"},\"query-input\":{\"@type\":\"PropertyValueSpecification\",\"valueRequired\":true,\"valueName\":\"search_term_string\"}}],\"inLanguage\":\"es-AR\"},{\"@type\":\"Organization\",\"@id\":\"\/#organization\",\"name\":\"Instituto de Artes Audiovisuales de Misiones\",\"url\":\"\/\",\"logo\":{\"@type\":\"ImageObject\",\"inLanguage\":\"es-AR\",\"@id\":\"\/#\/schema\/logo\/image\/\",\"url\":\"https:\/\/iaavim.misiones.gob.ar\/wp-content\/uploads\/2021\/07\/logo-iaavim-preview.png.jpg\",\"contentUrl\":\"https:\/\/iaavim.misiones.gob.ar\/wp-content\/uploads\/2021\/07\/logo-iaavim-preview.png.jpg\",\"width\":1200,\"height\":675,\"caption\":\"Instituto de Artes Audiovisuales de Misiones\"},\"image\":{\"@id\":\"\/#\/schema\/logo\/image\/\"}}]}<\/script>\n<!-- \/ Yoast SEO plugin. -->","yoast_head_json":{"title":"Fomento -","description":"La Gerencia de Fomento del IAAviM tiene a su cargo el dise\u00f1o de estrategias y gesti\u00f3n de acciones de promoci\u00f3n del audiovisual misionero.","robots":{"index":"index","follow":"follow","max-snippet":"max-snippet:-1","max-image-preview":"max-image-preview:large","max-video-preview":"max-video-preview:-1"},"canonical":"https:\/\/www.iaavim.gob.ar\/?page_id=11980","og_locale":"es_ES","og_type":"article","og_title":"Fomento -","og_description":"La Gerencia de Fomento del IAAviM tiene a su cargo el dise\u00f1o de estrategias y gesti\u00f3n de acciones de promoci\u00f3n del audiovisual misionero.","og_url":"https:\/\/www.iaavim.gob.ar\/?page_id=11980","article_modified_time":"2022-06-30T16:10:57+00:00","twitter_card":"summary_large_image","twitter_misc":{"Tiempo de lectura":"3 minutos"},"schema":{"@context":"https:\/\/schema.org","@graph":[{"@type":"WebPage","@id":"https:\/\/www.iaavim.gob.ar\/?page_id=11980","url":"https:\/\/www.iaavim.gob.ar\/?page_id=11980","name":"Fomento -","isPartOf":{"@id":"\/#website"},"datePublished":"2022-06-30T15:47:56+00:00","dateModified":"2022-06-30T16:10:57+00:00","description":"La Gerencia de Fomento del IAAviM tiene a su cargo el dise\u00f1o de estrategias y gesti\u00f3n de acciones de promoci\u00f3n del audiovisual misionero.","breadcrumb":{"@id":"https:\/\/www.iaavim.gob.ar\/?page_id=11980#breadcrumb"},"inLanguage":"es-AR","potentialAction":[{"@type":"ReadAction","target":["https:\/\/www.iaavim.gob.ar\/?page_id=11980"]}]},{"@type":"BreadcrumbList","@id":"https:\/\/www.iaavim.gob.ar\/?page_id=11980#breadcrumb","itemListElement":[{"@type":"ListItem","position":1,"name":"Inicio","item":"https:\/\/www.iaavim.gob.ar\/"},{"@type":"ListItem","position":2,"name":"Fomento"}]},{"@type":"WebSite","@id":"\/#website","url":"\/","name":"","description":"Sitio oficial del IAAviM","publisher":{"@id":"\/#organization"},"potentialAction":[{"@type":"SearchAction","target":{"@type":"EntryPoint","urlTemplate":"\/?s={search_term_string}"},"query-input":{"@type":"PropertyValueSpecification","valueRequired":true,"valueName":"search_term_string"}}],"inLanguage":"es-AR"},{"@type":"Organization","@id":"\/#organization","name":"Instituto de Artes Audiovisuales de Misiones","url":"\/","logo":{"@type":"ImageObject","inLanguage":"es-AR","@id":"\/#\/schema\/logo\/image\/","url":"https:\/\/iaavim.misiones.gob.ar\/wp-content\/uploads\/2021\/07\/logo-iaavim-preview.png.jpg","contentUrl":"https:\/\/iaavim.misiones.gob.ar\/wp-content\/uploads\/2021\/07\/logo-iaavim-preview.png.jpg","width":1200,"height":675,"caption":"Instituto de Artes Audiovisuales de Misiones"},"image":{"@id":"\/#\/schema\/logo\/image\/"}}]}},"_links":{"self":[{"href":"https:\/\/www.iaavim.gob.ar\/index.php?rest_route=\/wp\/v2\/pages\/11980","targetHints":{"allow":["GET"]}}],"collection":[{"href":"https:\/\/www.iaavim.gob.ar\/index.php?rest_route=\/wp\/v2\/pages"}],"about":[{"href":"https:\/\/www.iaavim.gob.ar\/index.php?rest_route=\/wp\/v2\/types\/page"}],"author":[{"embeddable":true,"href":"https:\/\/www.iaavim.gob.ar\/index.php?rest_route=\/wp\/v2\/users\/2"}],"replies":[{"embeddable":true,"href":"https:\/\/www.iaavim.gob.ar\/index.php?rest_route=%2Fwp%2Fv2%2Fcomments&post=11980"}],"version-history":[{"count":4,"href":"https:\/\/www.iaavim.gob.ar\/index.php?rest_route=\/wp\/v2\/pages\/11980\/revisions"}],"predecessor-version":[{"id":11988,"href":"https:\/\/www.iaavim.gob.ar\/index.php?rest_route=\/wp\/v2\/pages\/11980\/revisions\/11988"}],"wp:attachment":[{"href":"https:\/\/www.iaavim.gob.ar\/index.php?rest_route=%2Fwp%2Fv2%2Fmedia&parent=11980"}],"wp:term":[{"taxonomy":"post_tag","embeddable":true,"href":"https:\/\/www.iaavim.gob.ar\/index.php?rest_route=%2Fwp%2Fv2%2Ftags&post=11980"}],"curies":[{"name":"wp","href":"https:\/\/api.w.org\/{rel}","templated":true}]}}