{"id":11195,"date":"2021-09-22T16:08:03","date_gmt":"2021-09-22T19:08:03","guid":{"rendered":"https:\/\/iaavim.com\/?page_id=11195"},"modified":"2023-02-24T13:46:04","modified_gmt":"2023-02-24T16:46:04","slug":"actas-anteriores-foros-politicas-publicas","status":"publish","type":"page","link":"https:\/\/www.iaavim.gob.ar\/?page_id=11195","title":{"rendered":"Actas Anteriores Foros de Pol\u00edticas P\u00fablicas Audiovisuales de Misiones"},"content":{"rendered":"<div class=\"wp-block-image\">\n<figure class=\"aligncenter size-full\"><img loading=\"lazy\" decoding=\"async\" width=\"391\" height=\"238\" src=\"http:\/\/www.iaavim.gob.ar\/wp-content\/uploads\/2021\/09\/pre-foros-2021-logo.jpg\" alt=\"Foros 2021 Logo\" class=\"wp-image-11200\" srcset=\"https:\/\/www.iaavim.gob.ar\/wp-content\/uploads\/2021\/09\/pre-foros-2021-logo.jpg 391w, https:\/\/www.iaavim.gob.ar\/wp-content\/uploads\/2021\/09\/pre-foros-2021-logo-300x183.jpg 300w\" sizes=\"auto, (max-width: 391px) 100vw, 391px\" \/><\/figure><\/div>\n\n\n<h2 class=\"has-text-align-center wp-block-heading\" id=\"foro-2019\">Actas Foro 2019<\/h2>\n\n\n\n<h3 class=\"wp-block-heading\">Mesas de trabajo<\/h3>\n\n\n\n<h3 class=\"wp-block-heading\">Protocolos Institucionales<\/h3>\n\n\n<a href=\"https:\/\/www.iaavim.gob.ar\/wp-content\/uploads\/2019\/11\/ACTA-MESA-PROTOCOLO.pdf\" class=\"pdfemb-viewer\" style=\"\" data-width=\"max\" data-height=\"max\" data-toolbar=\"bottom\" data-toolbar-fixed=\"on\">ACTA-MESA-PROTOCOLO<\/a>\n<p class=\"wp-block-pdfemb-pdf-embedder-viewer\"><\/p>\n\n\n<a href=\"http:\/\/www.iaavim.gob.ar\/wp-content\/uploads\/2019\/11\/ACTA-MESA-PROTOCOLO.pdf\" class=\"su-button su-button-style-ghost\" style=\"color:#00d1c1;background-color:#ffffff;border-color:#cccccc;border-radius:9px\" target=\"_self\"><span style=\"color:#00d1c1;padding:0px 24px;font-size:18px;line-height:36px;border-color:#ffffff;border-radius:9px;text-shadow:none\"> Descargar<\/span><\/a>\n\n\n\n<div style=\"height:30px\" aria-hidden=\"true\" class=\"wp-block-spacer\"><\/div>\n\n\n\n<h3 class=\"wp-block-heading\"><strong><strong>Fomento a la producci\u00f3n<\/strong><\/strong><\/h3>\n\n\n<a href=\"https:\/\/www.iaavim.gob.ar\/wp-content\/uploads\/2019\/11\/ACTA-MESA-FOMENTO.pdf\" class=\"pdfemb-viewer\" style=\"\" data-width=\"max\" data-height=\"max\" data-toolbar=\"bottom\" data-toolbar-fixed=\"on\">ACTA-MESA-FOMENTO<\/a>\n<p class=\"wp-block-pdfemb-pdf-embedder-viewer\"><\/p>\n\n\n<a href=\"http:\/\/www.iaavim.gob.ar\/wp-content\/uploads\/2019\/11\/ACTA-MESA-FOMENTO.pdf\" class=\"su-button su-button-style-ghost\" style=\"color:#00d1c1;background-color:#ffffff;border-color:#cccccc;border-radius:9px\" target=\"_self\"><span style=\"color:#00d1c1;padding:0px 24px;font-size:18px;line-height:36px;border-color:#ffffff;border-radius:9px;text-shadow:none\"> Descargar<\/span><\/a>\n\n\n\n<div style=\"height:30px\" aria-hidden=\"true\" class=\"wp-block-spacer\"><\/div>\n\n\n\n<h3 class=\"wp-block-heading\"><strong>Exhibici\u00f3n y nuevos p\u00fablicos<\/strong><\/h3>\n\n\n<a href=\"https:\/\/www.iaavim.gob.ar\/wp-content\/uploads\/2019\/11\/ACTA-MESA-EXHIBICION.pdf\" class=\"pdfemb-viewer\" style=\"\" data-width=\"max\" data-height=\"max\" data-toolbar=\"bottom\" data-toolbar-fixed=\"on\">ACTA-MESA-EXHIBICION<\/a>\n<p class=\"wp-block-pdfemb-pdf-embedder-viewer\"><\/p>\n\n\n<a href=\"http:\/\/www.iaavim.gob.ar\/wp-content\/uploads\/2019\/11\/ACTA-MESA-EXHIBICION.pdf\" class=\"su-button su-button-style-ghost\" style=\"color:#00d1c1;background-color:#ffffff;border-color:#cccccc;border-radius:9px\" target=\"_self\"><span style=\"color:#00d1c1;padding:0px 24px;font-size:18px;line-height:36px;border-color:#ffffff;border-radius:9px;text-shadow:none\"> Descargar<\/span><\/a>\n\n\n\n<div style=\"height:30px\" aria-hidden=\"true\" class=\"wp-block-spacer\"><\/div>\n\n\n\n<h3 class=\"wp-block-heading\"><strong>Re.P.A.<\/strong><\/h3>\n\n\n<a href=\"https:\/\/www.iaavim.gob.ar\/wp-content\/uploads\/2019\/11\/ACTA-MESA-REPA.pdf\" class=\"pdfemb-viewer\" style=\"\" data-width=\"max\" data-height=\"max\" data-toolbar=\"bottom\" data-toolbar-fixed=\"on\">ACTA-MESA-REPA<\/a>\n<p class=\"wp-block-pdfemb-pdf-embedder-viewer\"><\/p>\n\n\n<a href=\"http:\/\/www.iaavim.gob.ar\/wp-content\/uploads\/2019\/11\/ACTA-MESA-REPA.pdf\" class=\"su-button su-button-style-ghost\" style=\"color:#00d1c1;background-color:#ffffff;border-color:#cccccc;border-radius:9px\" target=\"_self\"><span style=\"color:#00d1c1;padding:0px 24px;font-size:18px;line-height:36px;border-color:#ffffff;border-radius:9px;text-shadow:none\"> Descargar<\/span><\/a>\n\n\n\n<div style=\"height:30px\" aria-hidden=\"true\" class=\"wp-block-spacer\"><\/div>\n\n\n\n<h3 class=\"wp-block-heading\"><strong>Capacitaci\u00f3n e Investigaci\u00f3n<\/strong><\/h3>\n\n\n<a href=\"https:\/\/www.iaavim.gob.ar\/wp-content\/uploads\/2019\/11\/ACTA-MESA-CAPACITACION.pdf\" class=\"pdfemb-viewer\" style=\"\" data-width=\"max\" data-height=\"max\" data-toolbar=\"bottom\" data-toolbar-fixed=\"on\">ACTA-MESA-CAPACITACION<\/a>\n<p class=\"wp-block-pdfemb-pdf-embedder-viewer\"><\/p>\n\n\n<a href=\"http:\/\/www.iaavim.gob.ar\/wp-content\/uploads\/2019\/11\/ACTA-MESA-CAPACITACION.pdf\" class=\"su-button su-button-style-ghost\" style=\"color:#00d1c1;background-color:#ffffff;border-color:#cccccc;border-radius:9px\" target=\"_self\"><span style=\"color:#00d1c1;padding:0px 24px;font-size:18px;line-height:36px;border-color:#ffffff;border-radius:9px;text-shadow:none\"> Descargar<\/span><\/a>\n\n\n\n<div style=\"height:30px\" aria-hidden=\"true\" class=\"wp-block-spacer\"><\/div>\n\n\n\n<h2 class=\"has-text-align-center wp-block-heading\" id=\"pre-foros-2019\">Actas Pre-Foros 2019<\/h2>\n\n\n\n<h3 class=\"wp-block-heading\">Distrito Audiovisual Norte<\/h3>\n\n\n<a href=\"https:\/\/www.iaavim.gob.ar\/wp-content\/uploads\/2019\/08\/Acta-PreForo-Consultivo-Distrito-Audiovisual-Norte.pdf\" class=\"pdfemb-viewer\" style=\"\" data-width=\"max\" data-height=\"max\" data-toolbar=\"bottom\" data-toolbar-fixed=\"on\">Acta-PreForo-Consultivo-Distrito-Audiovisual-Norte<\/a>\n<p class=\"wp-block-pdfemb-pdf-embedder-viewer\"><\/p>\n\n\n<a href=\"http:\/\/www.iaavim.gob.ar\/wp-content\/uploads\/2019\/08\/Acta-PreForo-Consultivo-Distrito-Audiovisual-Norte.pdf\" class=\"su-button su-button-style-ghost\" style=\"color:#00d1c1;background-color:#ffffff;border-color:#cccccc;border-radius:9px\" target=\"_self\"><span style=\"color:#00d1c1;padding:0px 24px;font-size:18px;line-height:36px;border-color:#ffffff;border-radius:9px;text-shadow:none\"> Descargar<\/span><\/a>\n\n\n\n<div style=\"height:30px\" aria-hidden=\"true\" class=\"wp-block-spacer\"><\/div>\n\n\n\n<h3 class=\"wp-block-heading\"><strong><strong>Distrito Audiovisual Paran\u00e1<\/strong><\/strong><\/h3>\n\n\n<a href=\"https:\/\/www.iaavim.gob.ar\/wp-content\/uploads\/2019\/08\/Acta-Preforo-Distrito-Parana.pdf\" class=\"pdfemb-viewer\" style=\"\" data-width=\"max\" data-height=\"max\" data-toolbar=\"bottom\" data-toolbar-fixed=\"on\">Acta-Preforo-Distrito-Parana<\/a>\n<p class=\"wp-block-pdfemb-pdf-embedder-viewer\"><\/p>\n\n\n<a href=\"http:\/\/www.iaavim.gob.ar\/wp-content\/uploads\/2019\/08\/Acta-Preforo-Distrito-Parana.pdf\" class=\"su-button su-button-style-ghost\" style=\"color:#00d1c1;background-color:#ffffff;border-color:#cccccc;border-radius:9px\" target=\"_self\"><span style=\"color:#00d1c1;padding:0px 24px;font-size:18px;line-height:36px;border-color:#ffffff;border-radius:9px;text-shadow:none\"> Descargar<\/span><\/a>\n\n\n\n<div style=\"height:30px\" aria-hidden=\"true\" class=\"wp-block-spacer\"><\/div>\n\n\n\n<h3 class=\"wp-block-heading\"><strong><strong><strong>Distrito Audiovisual Sur<\/strong><\/strong><\/strong><\/h3>\n\n\n<a href=\"http:\/\/www.iaavim.gob.ar\/wp-content\/uploads\/2019\/08\/Acta-Preforo-Distrito-Sur.pdf\" class=\"su-button su-button-style-ghost\" style=\"color:#00d1c1;background-color:#ffffff;border-color:#cccccc;border-radius:9px\" target=\"_self\"><span style=\"color:#00d1c1;padding:0px 24px;font-size:18px;line-height:36px;border-color:#ffffff;border-radius:9px;text-shadow:none\"> Descargar<\/span><\/a>\n\n\n<a href=\"https:\/\/www.iaavim.gob.ar\/wp-content\/uploads\/2019\/08\/Acta-Preforo-Distrito-Sur.pdf\" class=\"pdfemb-viewer\" style=\"\" data-width=\"max\" data-height=\"max\" data-toolbar=\"bottom\" data-toolbar-fixed=\"on\">Acta-Preforo-Distrito-Sur<\/a>\n<p class=\"wp-block-pdfemb-pdf-embedder-viewer\"><\/p>\n\n\n\n<div style=\"height:30px\" aria-hidden=\"true\" class=\"wp-block-spacer\"><\/div>\n\n\n\n<h3 class=\"wp-block-heading\"><strong><strong><strong>Distrito Audiovisual Uruguay<\/strong><\/strong><\/strong><\/h3>\n\n\n<a href=\"https:\/\/www.iaavim.gob.ar\/wp-content\/uploads\/2019\/10\/ACTA-SEPTIEMBRE-2019-DISTRITO-URUGUAY.pdf\" class=\"pdfemb-viewer\" style=\"\" data-width=\"max\" data-height=\"max\" data-toolbar=\"bottom\" data-toolbar-fixed=\"on\">ACTA-SEPTIEMBRE-2019-DISTRITO-URUGUAY<\/a>\n<p class=\"wp-block-pdfemb-pdf-embedder-viewer\"><\/p>\n\n\n<a href=\"http:\/\/www.iaavim.gob.ar\/wp-content\/uploads\/2019\/10\/ACTA-SEPTIEMBRE-2019-DISTRITO-URUGUAY.pdf\" class=\"su-button su-button-style-ghost\" style=\"color:#00d1c1;background-color:#ffffff;border-color:#cccccc;border-radius:9px\" target=\"_self\"><span style=\"color:#00d1c1;padding:0px 24px;font-size:18px;line-height:36px;border-color:#ffffff;border-radius:9px;text-shadow:none\"> Descargar<\/span><\/a>\n\n\n\n<div style=\"height:30px\" aria-hidden=\"true\" class=\"wp-block-spacer\"><\/div>\n\n\n\n<h3 class=\"wp-block-heading\"><strong>Capacitaci\u00f3n e Investigaci\u00f3n<\/strong><\/h3>\n\n\n<a href=\"https:\/\/www.iaavim.gob.ar\/wp-content\/uploads\/2019\/11\/ACTA-MESA-CAPACITACION.pdf\" class=\"pdfemb-viewer\" style=\"\" data-width=\"max\" data-height=\"max\" data-toolbar=\"bottom\" data-toolbar-fixed=\"on\">ACTA-MESA-CAPACITACION<\/a>\n<p class=\"wp-block-pdfemb-pdf-embedder-viewer\"><\/p>\n\n\n<a href=\"http:\/\/www.iaavim.gob.ar\/wp-content\/uploads\/2019\/11\/ACTA-MESA-EXHIBICION.pdf\" class=\"su-button su-button-style-ghost\" style=\"color:#00d1c1;background-color:#ffffff;border-color:#cccccc;border-radius:10px\" target=\"_self\"><span style=\"color:#00d1c1;padding:0px 26px;font-size:20px;line-height:40px;border-color:#ffffff;border-radius:10px;text-shadow:none\"> Descargar<\/span><\/a>\n\n\n\n<div style=\"height:30px\" aria-hidden=\"true\" class=\"wp-block-spacer\"><\/div>\n\n\n\n<h2 class=\"has-text-align-center wp-block-heading\" id=\"foro-2017\">Actas Foro 2017<\/h2>\n\n\n<a href=\"https:\/\/www.iaavim.gob.ar\/wp-content\/uploads\/2017\/08\/Fomento-Infancia-y-Adolescencia.pdf\" class=\"pdfemb-viewer\" style=\"\" data-width=\"max\" data-height=\"max\" data-toolbar=\"bottom\" data-toolbar-fixed=\"on\">Fomento-Infancia-y-Adolescencia<\/a>\n<p class=\"wp-block-pdfemb-pdf-embedder-viewer\"><\/p>\n\n\n<a href=\"http:\/\/www.iaavim.gob.ar\/wp-content\/uploads\/2017\/08\/Fomento-Infancia-y-Adolescencia.pdf\" class=\"su-button su-button-style-ghost\" style=\"color:#00d1c1;background-color:#ffffff;border-color:#cccccc;border-radius:9px\" target=\"_self\"><span style=\"color:#00d1c1;padding:0px 24px;font-size:18px;line-height:36px;border-color:#ffffff;border-radius:9px;text-shadow:none\"> Descargar<\/span><\/a>\n\n\n\n<div style=\"height:30px\" aria-hidden=\"true\" class=\"wp-block-spacer\"><\/div>\n\n\n<a href=\"https:\/\/www.iaavim.gob.ar\/wp-content\/uploads\/2017\/08\/Comision-de-Filmaciones.pdf\" class=\"pdfemb-viewer\" style=\"\" data-width=\"max\" data-height=\"max\" data-toolbar=\"bottom\" data-toolbar-fixed=\"on\">Comision-de-Filmaciones<\/a>\n<p class=\"wp-block-pdfemb-pdf-embedder-viewer\"><\/p>\n\n\n<a href=\"http:\/\/www.iaavim.gob.ar\/wp-content\/uploads\/2017\/08\/Comision-de-Filmaciones.pdf\" class=\"su-button su-button-style-ghost\" style=\"color:#00d1c1;background-color:#ffffff;border-color:#cccccc;border-radius:9px\" target=\"_self\"><span style=\"color:#00d1c1;padding:0px 24px;font-size:18px;line-height:36px;border-color:#ffffff;border-radius:9px;text-shadow:none\"> Descargar<\/span><\/a>\n\n\n\n<div style=\"height:30px\" aria-hidden=\"true\" class=\"wp-block-spacer\"><\/div>\n\n\n<a href=\"https:\/\/www.iaavim.gob.ar\/wp-content\/uploads\/2017\/08\/Capacitacion-e-Investigacion.pdf\" class=\"pdfemb-viewer\" style=\"\" data-width=\"max\" data-height=\"max\" data-toolbar=\"bottom\" data-toolbar-fixed=\"on\">Capacitacion-e-Investigacion<\/a>\n<p class=\"wp-block-pdfemb-pdf-embedder-viewer\"><\/p>\n\n\n<a href=\"http:\/\/www.iaavim.gob.ar\/wp-content\/uploads\/2017\/08\/Capacitacion-e-Investigacion.pdf\" class=\"su-button su-button-style-ghost\" style=\"color:#00d1c1;background-color:#ffffff;border-color:#cccccc;border-radius:9px\" target=\"_self\"><span style=\"color:#00d1c1;padding:0px 24px;font-size:18px;line-height:36px;border-color:#ffffff;border-radius:9px;text-shadow:none\"> Descargar<\/span><\/a>\n\n\n\n<div style=\"height:30px\" aria-hidden=\"true\" class=\"wp-block-spacer\"><\/div>\n\n\n<a href=\"https:\/\/www.iaavim.gob.ar\/wp-content\/uploads\/2017\/08\/Comunitario.pdf\" class=\"pdfemb-viewer\" style=\"\" data-width=\"max\" data-height=\"max\" data-toolbar=\"bottom\" data-toolbar-fixed=\"on\">Comunitario<\/a>\n<p class=\"wp-block-pdfemb-pdf-embedder-viewer\"><\/p>\n\n\n<a href=\"https:\/\/www.iaavim.gob.ar\" class=\"su-button su-button-style-ghost\" style=\"color:#00d1c1;background-color:#ffffff;border-color:#cccccc;border-radius:9px\" target=\"_self\"><span style=\"color:#00d1c1;padding:0px 24px;font-size:18px;line-height:36px;border-color:#ffffff;border-radius:9px;text-shadow:none\"> Descargar<\/span><\/a>\n\n\n\n<div style=\"height:30px\" aria-hidden=\"true\" class=\"wp-block-spacer\"><\/div>\n\n\n<a href=\"https:\/\/www.iaavim.gob.ar\/wp-content\/uploads\/2017\/08\/ACTA-EDC-agam.pdf\" class=\"pdfemb-viewer\" style=\"\" data-width=\"max\" data-height=\"max\" data-toolbar=\"bottom\" data-toolbar-fixed=\"on\">ACTA-EDC-agam<\/a>\n<p class=\"wp-block-pdfemb-pdf-embedder-viewer\"><\/p>\n\n\n<a href=\"http:\/\/www.iaavim.gob.ar\/wp-content\/uploads\/2017\/08\/ACTA-EDC-agam.pdf\" class=\"su-button su-button-style-ghost\" style=\"color:#00d1c1;background-color:#ffffff;border-color:#cccccc;border-radius:9px\" target=\"_self\"><span style=\"color:#00d1c1;padding:0px 24px;font-size:18px;line-height:36px;border-color:#ffffff;border-radius:9px;text-shadow:none\"> Descargar<\/span><\/a>\n\n\n<a href=\"https:\/\/www.iaavim.gob.ar\/wp-content\/uploads\/2017\/08\/ACTA-COMUNICACION-REPA.pdf\" class=\"pdfemb-viewer\" style=\"\" data-width=\"max\" data-height=\"max\" data-toolbar=\"bottom\" data-toolbar-fixed=\"on\">ACTA-COMUNICACION-REPA<\/a>\n<p class=\"wp-block-pdfemb-pdf-embedder-viewer\"><\/p>\n\n\n<a href=\"http:\/\/www.iaavim.gob.ar\/wp-content\/uploads\/2017\/08\/ACTA-COMUNICACION-REPA.pdf\" class=\"su-button su-button-style-ghost\" style=\"color:#00d1c1;background-color:#ffffff;border-color:#cccccc;border-radius:9px\" target=\"_self\"><span style=\"color:#00d1c1;padding:0px 24px;font-size:18px;line-height:36px;border-color:#ffffff;border-radius:9px;text-shadow:none\"> Descargar<\/span><\/a>\n\n\n\n<div style=\"height:30px\" aria-hidden=\"true\" class=\"wp-block-spacer\"><\/div>\n","protected":false},"excerpt":{"rendered":"<p>Actas Foro 2019 Mesas de trabajo Protocolos Institucionales ACTA-MESA-PROTOCOLO Fomento a la producci\u00f3n ACTA-MESA-FOMENTO Exhibici\u00f3n y nuevos p\u00fablicos ACTA-MESA-EXHIBICION Re.P.A. ACTA-MESA-REPA Capacitaci\u00f3n e Investigaci\u00f3n ACTA-MESA-CAPACITACION Actas Pre-Foros 2019 Distrito Audiovisual Norte Acta-PreForo-Consultivo-Distrito-Audiovisual-Norte Distrito Audiovisual Paran\u00e1 Acta-Preforo-Distrito-Parana Distrito Audiovisual Sur Acta-Preforo-Distrito-Sur Distrito Audiovisual Uruguay ACTA-SEPTIEMBRE-2019-DISTRITO-URUGUAY Capacitaci\u00f3n e Investigaci\u00f3n ACTA-MESA-CAPACITACION Actas Foro 2017 Fomento-Infancia-y-Adolescencia Comision-de-Filmaciones Capacitacion-e-Investigacion Comunitario &hellip;<\/p>\n","protected":false},"author":1,"featured_media":11200,"parent":0,"menu_order":0,"comment_status":"closed","ping_status":"closed","template":"","meta":{"_acf_changed":false,"footnotes":""},"tags":[],"class_list":["post-11195","page","type-page","status-publish","has-post-thumbnail","hentry"],"acf":[],"yoast_head":"<!-- This site is optimized with the Yoast SEO plugin v25.8 - https:\/\/yoast.com\/wordpress\/plugins\/seo\/ -->\n<title>Actas Anteriores Foros de Pol\u00edticas P\u00fablicas Audiovisuales de Misiones -<\/title>\n<meta name=\"description\" content=\"Todas las actas de Pre-Foros y Foros Anteriores.\" \/>\n<meta name=\"robots\" content=\"index, follow, max-snippet:-1, max-image-preview:large, max-video-preview:-1\" \/>\n<link rel=\"canonical\" href=\"https:\/\/www.iaavim.gob.ar\/?page_id=11195\" \/>\n<meta property=\"og:locale\" content=\"es_ES\" \/>\n<meta property=\"og:type\" content=\"article\" \/>\n<meta property=\"og:title\" content=\"Actas Anteriores Foros de Pol\u00edticas P\u00fablicas Audiovisuales de Misiones -\" \/>\n<meta property=\"og:description\" content=\"Todas las actas de Pre-Foros y Foros Anteriores.\" \/>\n<meta property=\"og:url\" content=\"https:\/\/www.iaavim.gob.ar\/?page_id=11195\" \/>\n<meta property=\"article:modified_time\" content=\"2023-02-24T16:46:04+00:00\" \/>\n<meta property=\"og:image\" content=\"https:\/\/www.iaavim.gob.ar\/wp-content\/uploads\/2021\/09\/pre-foros-2021-logo.jpg\" \/>\n\t<meta property=\"og:image:width\" content=\"391\" \/>\n\t<meta property=\"og:image:height\" content=\"238\" \/>\n\t<meta property=\"og:image:type\" content=\"image\/jpeg\" \/>\n<meta name=\"twitter:card\" content=\"summary_large_image\" \/>\n<meta name=\"twitter:label1\" content=\"Tiempo de lectura\" \/>\n\t<meta name=\"twitter:data1\" content=\"1 minuto\" \/>\n<script type=\"application\/ld+json\" class=\"yoast-schema-graph\">{\"@context\":\"https:\/\/schema.org\",\"@graph\":[{\"@type\":\"WebPage\",\"@id\":\"https:\/\/www.iaavim.gob.ar\/?page_id=11195\",\"url\":\"https:\/\/www.iaavim.gob.ar\/?page_id=11195\",\"name\":\"Actas Anteriores Foros de Pol\u00edticas P\u00fablicas Audiovisuales de Misiones -\",\"isPartOf\":{\"@id\":\"\/#website\"},\"primaryImageOfPage\":{\"@id\":\"https:\/\/www.iaavim.gob.ar\/?page_id=11195#primaryimage\"},\"image\":{\"@id\":\"https:\/\/www.iaavim.gob.ar\/?page_id=11195#primaryimage\"},\"thumbnailUrl\":\"https:\/\/www.iaavim.gob.ar\/wp-content\/uploads\/2021\/09\/pre-foros-2021-logo.jpg\",\"datePublished\":\"2021-09-22T19:08:03+00:00\",\"dateModified\":\"2023-02-24T16:46:04+00:00\",\"description\":\"Todas las actas de Pre-Foros y Foros Anteriores.\",\"breadcrumb\":{\"@id\":\"https:\/\/www.iaavim.gob.ar\/?page_id=11195#breadcrumb\"},\"inLanguage\":\"es-AR\",\"potentialAction\":[{\"@type\":\"ReadAction\",\"target\":[\"https:\/\/www.iaavim.gob.ar\/?page_id=11195\"]}]},{\"@type\":\"ImageObject\",\"inLanguage\":\"es-AR\",\"@id\":\"https:\/\/www.iaavim.gob.ar\/?page_id=11195#primaryimage\",\"url\":\"https:\/\/www.iaavim.gob.ar\/wp-content\/uploads\/2021\/09\/pre-foros-2021-logo.jpg\",\"contentUrl\":\"https:\/\/www.iaavim.gob.ar\/wp-content\/uploads\/2021\/09\/pre-foros-2021-logo.jpg\",\"width\":391,\"height\":238,\"caption\":\"Foros 2021 Logo\"},{\"@type\":\"BreadcrumbList\",\"@id\":\"https:\/\/www.iaavim.gob.ar\/?page_id=11195#breadcrumb\",\"itemListElement\":[{\"@type\":\"ListItem\",\"position\":1,\"name\":\"Inicio\",\"item\":\"https:\/\/www.iaavim.gob.ar\/\"},{\"@type\":\"ListItem\",\"position\":2,\"name\":\"Actas Anteriores Foros de Pol\u00edticas P\u00fablicas Audiovisuales de Misiones\"}]},{\"@type\":\"WebSite\",\"@id\":\"\/#website\",\"url\":\"\/\",\"name\":\"\",\"description\":\"Sitio oficial del IAAviM\",\"publisher\":{\"@id\":\"\/#organization\"},\"potentialAction\":[{\"@type\":\"SearchAction\",\"target\":{\"@type\":\"EntryPoint\",\"urlTemplate\":\"\/?s={search_term_string}\"},\"query-input\":{\"@type\":\"PropertyValueSpecification\",\"valueRequired\":true,\"valueName\":\"search_term_string\"}}],\"inLanguage\":\"es-AR\"},{\"@type\":\"Organization\",\"@id\":\"\/#organization\",\"name\":\"Instituto de Artes Audiovisuales de Misiones\",\"url\":\"\/\",\"logo\":{\"@type\":\"ImageObject\",\"inLanguage\":\"es-AR\",\"@id\":\"\/#\/schema\/logo\/image\/\",\"url\":\"https:\/\/iaavim.misiones.gob.ar\/wp-content\/uploads\/2021\/07\/logo-iaavim-preview.png.jpg\",\"contentUrl\":\"https:\/\/iaavim.misiones.gob.ar\/wp-content\/uploads\/2021\/07\/logo-iaavim-preview.png.jpg\",\"width\":1200,\"height\":675,\"caption\":\"Instituto de Artes Audiovisuales de Misiones\"},\"image\":{\"@id\":\"\/#\/schema\/logo\/image\/\"}}]}<\/script>\n<!-- \/ Yoast SEO plugin. -->","yoast_head_json":{"title":"Actas Anteriores Foros de Pol\u00edticas P\u00fablicas Audiovisuales de Misiones -","description":"Todas las actas de Pre-Foros y Foros Anteriores.","robots":{"index":"index","follow":"follow","max-snippet":"max-snippet:-1","max-image-preview":"max-image-preview:large","max-video-preview":"max-video-preview:-1"},"canonical":"https:\/\/www.iaavim.gob.ar\/?page_id=11195","og_locale":"es_ES","og_type":"article","og_title":"Actas Anteriores Foros de Pol\u00edticas P\u00fablicas Audiovisuales de Misiones -","og_description":"Todas las actas de Pre-Foros y Foros Anteriores.","og_url":"https:\/\/www.iaavim.gob.ar\/?page_id=11195","article_modified_time":"2023-02-24T16:46:04+00:00","og_image":[{"width":391,"height":238,"url":"https:\/\/www.iaavim.gob.ar\/wp-content\/uploads\/2021\/09\/pre-foros-2021-logo.jpg","type":"image\/jpeg"}],"twitter_card":"summary_large_image","twitter_misc":{"Tiempo de lectura":"1 minuto"},"schema":{"@context":"https:\/\/schema.org","@graph":[{"@type":"WebPage","@id":"https:\/\/www.iaavim.gob.ar\/?page_id=11195","url":"https:\/\/www.iaavim.gob.ar\/?page_id=11195","name":"Actas Anteriores Foros de Pol\u00edticas P\u00fablicas Audiovisuales de Misiones -","isPartOf":{"@id":"\/#website"},"primaryImageOfPage":{"@id":"https:\/\/www.iaavim.gob.ar\/?page_id=11195#primaryimage"},"image":{"@id":"https:\/\/www.iaavim.gob.ar\/?page_id=11195#primaryimage"},"thumbnailUrl":"https:\/\/www.iaavim.gob.ar\/wp-content\/uploads\/2021\/09\/pre-foros-2021-logo.jpg","datePublished":"2021-09-22T19:08:03+00:00","dateModified":"2023-02-24T16:46:04+00:00","description":"Todas las actas de Pre-Foros y Foros Anteriores.","breadcrumb":{"@id":"https:\/\/www.iaavim.gob.ar\/?page_id=11195#breadcrumb"},"inLanguage":"es-AR","potentialAction":[{"@type":"ReadAction","target":["https:\/\/www.iaavim.gob.ar\/?page_id=11195"]}]},{"@type":"ImageObject","inLanguage":"es-AR","@id":"https:\/\/www.iaavim.gob.ar\/?page_id=11195#primaryimage","url":"https:\/\/www.iaavim.gob.ar\/wp-content\/uploads\/2021\/09\/pre-foros-2021-logo.jpg","contentUrl":"https:\/\/www.iaavim.gob.ar\/wp-content\/uploads\/2021\/09\/pre-foros-2021-logo.jpg","width":391,"height":238,"caption":"Foros 2021 Logo"},{"@type":"BreadcrumbList","@id":"https:\/\/www.iaavim.gob.ar\/?page_id=11195#breadcrumb","itemListElement":[{"@type":"ListItem","position":1,"name":"Inicio","item":"https:\/\/www.iaavim.gob.ar\/"},{"@type":"ListItem","position":2,"name":"Actas Anteriores Foros de Pol\u00edticas P\u00fablicas Audiovisuales de Misiones"}]},{"@type":"WebSite","@id":"\/#website","url":"\/","name":"","description":"Sitio oficial del IAAviM","publisher":{"@id":"\/#organization"},"potentialAction":[{"@type":"SearchAction","target":{"@type":"EntryPoint","urlTemplate":"\/?s={search_term_string}"},"query-input":{"@type":"PropertyValueSpecification","valueRequired":true,"valueName":"search_term_string"}}],"inLanguage":"es-AR"},{"@type":"Organization","@id":"\/#organization","name":"Instituto de Artes Audiovisuales de Misiones","url":"\/","logo":{"@type":"ImageObject","inLanguage":"es-AR","@id":"\/#\/schema\/logo\/image\/","url":"https:\/\/iaavim.misiones.gob.ar\/wp-content\/uploads\/2021\/07\/logo-iaavim-preview.png.jpg","contentUrl":"https:\/\/iaavim.misiones.gob.ar\/wp-content\/uploads\/2021\/07\/logo-iaavim-preview.png.jpg","width":1200,"height":675,"caption":"Instituto de Artes Audiovisuales de Misiones"},"image":{"@id":"\/#\/schema\/logo\/image\/"}}]}},"_links":{"self":[{"href":"https:\/\/www.iaavim.gob.ar\/index.php?rest_route=\/wp\/v2\/pages\/11195","targetHints":{"allow":["GET"]}}],"collection":[{"href":"https:\/\/www.iaavim.gob.ar\/index.php?rest_route=\/wp\/v2\/pages"}],"about":[{"href":"https:\/\/www.iaavim.gob.ar\/index.php?rest_route=\/wp\/v2\/types\/page"}],"author":[{"embeddable":true,"href":"https:\/\/www.iaavim.gob.ar\/index.php?rest_route=\/wp\/v2\/users\/1"}],"replies":[{"embeddable":true,"href":"https:\/\/www.iaavim.gob.ar\/index.php?rest_route=%2Fwp%2Fv2%2Fcomments&post=11195"}],"version-history":[{"count":17,"href":"https:\/\/www.iaavim.gob.ar\/index.php?rest_route=\/wp\/v2\/pages\/11195\/revisions"}],"predecessor-version":[{"id":12639,"href":"https:\/\/www.iaavim.gob.ar\/index.php?rest_route=\/wp\/v2\/pages\/11195\/revisions\/12639"}],"wp:featuredmedia":[{"embeddable":true,"href":"https:\/\/www.iaavim.gob.ar\/index.php?rest_route=\/wp\/v2\/media\/11200"}],"wp:attachment":[{"href":"https:\/\/www.iaavim.gob.ar\/index.php?rest_route=%2Fwp%2Fv2%2Fmedia&parent=11195"}],"wp:term":[{"taxonomy":"post_tag","embeddable":true,"href":"https:\/\/www.iaavim.gob.ar\/index.php?rest_route=%2Fwp%2Fv2%2Ftags&post=11195"}],"curies":[{"name":"wp","href":"https:\/\/api.w.org\/{rel}","templated":true}]}}